{"id":600,"date":"2023-03-01T13:47:09","date_gmt":"2023-03-01T12:47:09","guid":{"rendered":"https:\/\/hpc.sera-web.com\/?page_id=600"},"modified":"2024-06-06T09:12:57","modified_gmt":"2024-06-06T07:12:57","slug":"zubehoer-reinigungstechnik","status":"publish","type":"page","link":"https:\/\/hpc.sera-web.com\/?page_id=600","title":{"rendered":"Zubeh\u00f6r Reinigungstechnik"},"content":{"rendered":"\t\t<div data-elementor-type=\"wp-page\" data-elementor-id=\"600\" class=\"elementor elementor-600\" data-elementor-post-type=\"page\">\n\t\t\t\t\t\t<section class=\"elementor-section elementor-top-section elementor-element elementor-element-0415495 elementor-section-boxed elementor-section-height-default elementor-section-height-default\" data-id=\"0415495\" data-element_type=\"section\" data-e-type=\"section\">\n\t\t\t\t\t\t<div class=\"elementor-container elementor-column-gap-no\">\n\t\t\t\t\t<div class=\"elementor-column elementor-col-100 elementor-top-column elementor-element elementor-element-edf2ea7\" data-id=\"edf2ea7\" data-element_type=\"column\" data-e-type=\"column\">\n\t\t\t<div class=\"elementor-widget-wrap elementor-element-populated\">\n\t\t\t\t\t\t<div class=\"elementor-element elementor-element-bab0ff6 elementor-widget elementor-widget-heading\" data-id=\"bab0ff6\" data-element_type=\"widget\" data-e-type=\"widget\" data-widget_type=\"heading.default\">\n\t\t\t\t<div class=\"elementor-widget-container\">\n\t\t\t\t\t<h1 class=\"elementor-heading-title elementor-size-default\">Zubeh\u00f6r Reinigungstechnik<\/h1>\t\t\t\t<\/div>\n\t\t\t\t<\/div>\n\t\t\t\t<div class=\"elementor-element elementor-element-6cc5a7a elementor-widget elementor-widget-heading\" data-id=\"6cc5a7a\" data-element_type=\"widget\" data-e-type=\"widget\" data-widget_type=\"heading.default\">\n\t\t\t\t<div class=\"elementor-widget-container\">\n\t\t\t\t\t<h3 class=\"elementor-heading-title elementor-size-default\">F\u00fcr hochdruckreiniger<\/h3>\t\t\t\t<\/div>\n\t\t\t\t<\/div>\n\t\t\t\t<section class=\"elementor-section elementor-inner-section elementor-element elementor-element-ce78b2d elementor-section-boxed elementor-section-height-default elementor-section-height-default\" data-id=\"ce78b2d\" data-element_type=\"section\" data-e-type=\"section\">\n\t\t\t\t\t\t<div class=\"elementor-container elementor-column-gap-no\">\n\t\t\t\t\t<div class=\"elementor-column elementor-col-50 elementor-inner-column elementor-element elementor-element-4c5abd0\" data-id=\"4c5abd0\" data-element_type=\"column\" data-e-type=\"column\">\n\t\t\t<div class=\"elementor-widget-wrap elementor-element-populated\">\n\t\t\t\t\t\t<div class=\"elementor-element elementor-element-0590f2e elementor-widget elementor-widget-text-editor\" data-id=\"0590f2e\" data-element_type=\"widget\" data-e-type=\"widget\" data-widget_type=\"text-editor.default\">\n\t\t\t\t<div class=\"elementor-widget-container\">\n\t\t\t\t\t\t\t\t\tIn Kombination mit unserer umfangreichen Zubeh\u00f6rpalette k\u00f6nnen individuelle Kundenw\u00fcnsche realisiert werden.\t\t\t\t\t\t\t\t<\/div>\n\t\t\t\t<\/div>\n\t\t\t\t<div class=\"elementor-element elementor-element-8896457 elementor-widget elementor-widget-text-editor\" data-id=\"8896457\" data-element_type=\"widget\" data-e-type=\"widget\" data-widget_type=\"text-editor.default\">\n\t\t\t\t<div class=\"elementor-widget-container\">\n\t\t\t\t\t\t\t\t\t<b>ANGEBOTEN WERDEN KANN:\u200b<\/b>\n<ul>\n \t<li>D\u00fcsen- &amp; Reinigungszubeh\u00f6r<\/li>\n \t<li>Spritzpistolen, Lanzen &#038; Strahlrohre<\/li>\n \t<li>Hochdruckschl\u00e4uche<\/li>\n \t<li>Schlauchaufroller<\/li>\n<li>Ventile, Armaturen &#038; Verschraubungen<\/li>\n<\/ul>\t\t\t\t\t\t\t\t<\/div>\n\t\t\t\t<\/div>\n\t\t\t\t<div class=\"elementor-element elementor-element-c518e6f elementor-widget elementor-widget-heading\" data-id=\"c518e6f\" data-element_type=\"widget\" data-e-type=\"widget\" data-widget_type=\"heading.default\">\n\t\t\t\t<div class=\"elementor-widget-container\">\n\t\t\t\t\t<h2 class=\"elementor-heading-title elementor-size-default\">Downloads<\/h2>\t\t\t\t<\/div>\n\t\t\t\t<\/div>\n\t\t\t\t<div class=\"elementor-element elementor-element-9ba14e3 elementor-position-inline-start elementor-view-default elementor-mobile-position-block-start elementor-widget elementor-widget-icon-box\" data-id=\"9ba14e3\" data-element_type=\"widget\" data-e-type=\"widget\" data-widget_type=\"icon-box.default\">\n\t\t\t\t<div class=\"elementor-widget-container\">\n\t\t\t\t\t\t\t<div class=\"elementor-icon-box-wrapper\">\n\n\t\t\t\t\t\t<div class=\"elementor-icon-box-icon\">\n\t\t\t\t<a href=\"https:\/\/www.sera-web.com\/pdf\/hochdrucktechnik\/ms-4003_01_de_industrial-cleaning-technology.pdf\" target=\"_blank\" class=\"elementor-icon\" tabindex=\"-1\" aria-label=\"Produktinformation\">\n\t\t\t\t<i aria-hidden=\"true\" class=\"far fa-file-pdf\"><\/i>\t\t\t\t<\/a>\n\t\t\t<\/div>\n\t\t\t\n\t\t\t\t\t\t<div class=\"elementor-icon-box-content\">\n\n\t\t\t\t\t\t\t\t\t<h3 class=\"elementor-icon-box-title\">\n\t\t\t\t\t\t<a href=\"https:\/\/www.sera-web.com\/pdf\/hochdrucktechnik\/ms-4003_01_de_industrial-cleaning-technology.pdf\" target=\"_blank\" >\n\t\t\t\t\t\t\tProduktinformation\t\t\t\t\t\t<\/a>\n\t\t\t\t\t<\/h3>\n\t\t\t\t\n\t\t\t\t\n\t\t\t<\/div>\n\t\t\t\n\t\t<\/div>\n\t\t\t\t\t\t<\/div>\n\t\t\t\t<\/div>\n\t\t\t\t\t<\/div>\n\t\t<\/div>\n\t\t\t\t<div class=\"elementor-column elementor-col-50 elementor-inner-column elementor-element elementor-element-002ecd9\" data-id=\"002ecd9\" data-element_type=\"column\" data-e-type=\"column\">\n\t\t\t<div class=\"elementor-widget-wrap elementor-element-populated\">\n\t\t\t\t\t\t<div class=\"elementor-element elementor-element-5527151 elementor-widget elementor-widget-image-gallery\" data-id=\"5527151\" data-element_type=\"widget\" data-e-type=\"widget\" data-widget_type=\"image-gallery.default\">\n\t\t\t\t<div class=\"elementor-widget-container\">\n\t\t\t\t\t\t\t<div class=\"elementor-image-gallery\">\n\t\t\t<div id='gallery-1' class='gallery galleryid-600 gallery-columns-1 gallery-size-medium_large'><figure class='gallery-item'>\n\t\t\t<div class='gallery-icon landscape'>\n\t\t\t\t<a data-elementor-open-lightbox=\"yes\" data-elementor-lightbox-slideshow=\"5527151\" data-elementor-lightbox-title=\"HD Optionen_freigestellt\" data-e-action-hash=\"#elementor-action%3Aaction%3Dlightbox%26settings%3DeyJpZCI6NjA4LCJ1cmwiOiJodHRwczpcL1wvaHBjLnNlcmEtd2ViLmNvbVwvd3AtY29udGVudFwvdXBsb2Fkc1wvMjAyM1wvMDNcL0hELU9wdGlvbmVuX2ZyZWlnZXN0ZWxsdC5wbmciLCJzbGlkZXNob3ciOiI1NTI3MTUxIn0%3D\" href='https:\/\/hpc.sera-web.com\/wp-content\/uploads\/2023\/03\/HD-Optionen_freigestellt.png'><img fetchpriority=\"high\" decoding=\"async\" width=\"768\" height=\"500\" src=\"https:\/\/hpc.sera-web.com\/wp-content\/uploads\/2023\/03\/HD-Optionen_freigestellt-768x500.png\" class=\"attachment-medium_large size-medium_large\" alt=\"\" srcset=\"https:\/\/hpc.sera-web.com\/wp-content\/uploads\/2023\/03\/HD-Optionen_freigestellt-768x500.png 768w, https:\/\/hpc.sera-web.com\/wp-content\/uploads\/2023\/03\/HD-Optionen_freigestellt-300x195.png 300w, https:\/\/hpc.sera-web.com\/wp-content\/uploads\/2023\/03\/HD-Optionen_freigestellt-1024x667.png 1024w, https:\/\/hpc.sera-web.com\/wp-content\/uploads\/2023\/03\/HD-Optionen_freigestellt-1536x1001.png 1536w, https:\/\/hpc.sera-web.com\/wp-content\/uploads\/2023\/03\/HD-Optionen_freigestellt.png 1742w\" sizes=\"(max-width: 768px) 100vw, 768px\" \/><\/a>\n\t\t\t<\/div><\/figure>\n\t\t<\/div>\n\t\t<\/div>\n\t\t\t\t\t\t<\/div>\n\t\t\t\t<\/div>\n\t\t\t\t<div class=\"elementor-element elementor-element-69dd3ba elementor-align-center elementor-widget elementor-widget-button\" data-id=\"69dd3ba\" data-element_type=\"widget\" data-e-type=\"widget\" data-widget_type=\"button.default\">\n\t\t\t\t<div class=\"elementor-widget-container\">\n\t\t\t\t\t\t\t\t\t<div class=\"elementor-button-wrapper\">\n\t\t\t\t\t<a class=\"elementor-button elementor-button-link elementor-size-md elementor-animation-grow\" href=\"#elementor-action%3Aaction%3Dpopup%3Aopen%26settings%3DeyJpZCI6IjgzMiIsInRvZ2dsZSI6ZmFsc2V9\">\n\t\t\t\t\t\t<span class=\"elementor-button-content-wrapper\">\n\t\t\t\t\t\t\t\t\t<span class=\"elementor-button-text\">Rufen Sie uns an!<\/span>\n\t\t\t\t\t<\/span>\n\t\t\t\t\t<\/a>\n\t\t\t\t<\/div>\n\t\t\t\t\t\t\t\t<\/div>\n\t\t\t\t<\/div>\n\t\t\t\t\t<\/div>\n\t\t<\/div>\n\t\t\t\t\t<\/div>\n\t\t<\/section>\n\t\t\t\t\t<\/div>\n\t\t<\/div>\n\t\t\t\t\t<\/div>\n\t\t<\/section>\n\t\t\t\t<\/div>\n\t\t","protected":false},"excerpt":{"rendered":"<p>Zubeh\u00f6r Reinigungstechnik F\u00fcr hochdruckreiniger In Kombination mit unserer umfangreichen Zubeh\u00f6rpalette k\u00f6nnen individuelle Kundenw\u00fcnsche realisiert werden.ANGEBOTEN WERDEN KANN:\u200b D\u00fcsen- &amp; Reinigungszubeh\u00f6r Spritzpistolen, Lanzen &#038; Strahlrohre Hochdruckschl\u00e4uche Schlauchaufroller Ventile, Armaturen &#038; Verschraubungen Downloads Produktinformation Rufen Sie uns an!<\/p>\n","protected":false},"author":1,"featured_media":464,"parent":449,"menu_order":0,"comment_status":"closed","ping_status":"closed","template":"elementor_header_footer","meta":{"site-sidebar-layout":"no-sidebar","site-content-layout":"page-builder","ast-site-content-layout":"","site-content-style":"default","site-sidebar-style":"default","ast-global-header-display":"disabled","ast-banner-title-visibility":"","ast-main-header-display":"","ast-hfb-above-header-display":"","ast-hfb-below-header-display":"","ast-hfb-mobile-header-display":"","site-post-title":"disabled","ast-breadcrumbs-content":"","ast-featured-img":"disabled","footer-sml-layout":"disabled","theme-transparent-header-meta":"","adv-header-id-meta":"","stick-header-meta":"","header-above-stick-meta":"","header-main-stick-meta":"","header-below-stick-meta":"","astra-migrate-meta-layouts":"default","ast-page-background-enabled":"default","ast-page-background-meta":{"desktop":{"background-color":"var(--ast-global-color-4)","background-image":"","background-repeat":"repeat","background-position":"center center","background-size":"auto","background-attachment":"scroll","background-type":"","background-media":"","overlay-type":"","overlay-color":"","overlay-opacity":"","overlay-gradient":""},"tablet":{"background-color":"","background-image":"","background-repeat":"repeat","background-position":"center center","background-size":"auto","background-attachment":"scroll","background-type":"","background-media":"","overlay-type":"","overlay-color":"","overlay-opacity":"","overlay-gradient":""},"mobile":{"background-color":"","background-image":"","background-repeat":"repeat","background-position":"center center","background-size":"auto","background-attachment":"scroll","background-type":"","background-media":"","overlay-type":"","overlay-color":"","overlay-opacity":"","overlay-gradient":""}},"ast-content-background-meta":{"desktop":{"background-color":"var(--ast-global-color-5)","background-image":"","background-repeat":"repeat","background-position":"center center","background-size":"auto","background-attachment":"scroll","background-type":"","background-media":"","overlay-type":"","overlay-color":"","overlay-opacity":"","overlay-gradient":""},"tablet":{"background-color":"var(--ast-global-color-5)","background-image":"","background-repeat":"repeat","background-position":"center center","background-size":"auto","background-attachment":"scroll","background-type":"","background-media":"","overlay-type":"","overlay-color":"","overlay-opacity":"","overlay-gradient":""},"mobile":{"background-color":"var(--ast-global-color-5)","background-image":"","background-repeat":"repeat","background-position":"center center","background-size":"auto","background-attachment":"scroll","background-type":"","background-media":"","overlay-type":"","overlay-color":"","overlay-opacity":"","overlay-gradient":""}},"footnotes":""},"class_list":["post-600","page","type-page","status-publish","has-post-thumbnail","hentry"],"yoast_head":"<!-- This site is optimized with the Yoast SEO plugin v22.9 - https:\/\/yoast.com\/wordpress\/plugins\/seo\/ -->\n<title>Zubeh\u00f6r Reinigungstechnik - High Pressure Cleaning<\/title>\n<meta name=\"description\" content=\"In Kombination mit unserer umfangreichen Zubeh\u00f6rpalette k\u00f6nnen individuelle Kundenw\u00fcnsche realisiert werden\" \/>\n<meta name=\"robots\" content=\"index, follow, max-snippet:-1, max-image-preview:large, max-video-preview:-1\" \/>\n<link rel=\"canonical\" href=\"https:\/\/hpc.sera-web.com\/?page_id=600\" \/>\n<meta property=\"og:locale\" content=\"de_DE\" \/>\n<meta property=\"og:type\" content=\"article\" \/>\n<meta property=\"og:title\" content=\"Zubeh\u00f6r Reinigungstechnik - High Pressure Cleaning\" \/>\n<meta property=\"og:description\" content=\"In Kombination mit unserer umfangreichen Zubeh\u00f6rpalette k\u00f6nnen individuelle Kundenw\u00fcnsche realisiert werden\" \/>\n<meta property=\"og:url\" content=\"https:\/\/hpc.sera-web.com\/?page_id=600\" \/>\n<meta property=\"og:site_name\" content=\"High Pressure Cleaning\" \/>\n<meta property=\"article:modified_time\" content=\"2024-06-06T07:12:57+00:00\" \/>\n<meta property=\"og:image\" content=\"https:\/\/hpc.sera-web.com\/wp-content\/uploads\/2023\/02\/HD_Optionen_RGB.jpg\" \/>\n\t<meta property=\"og:image:width\" content=\"600\" \/>\n\t<meta property=\"og:image:height\" content=\"476\" \/>\n\t<meta property=\"og:image:type\" content=\"image\/jpeg\" \/>\n<meta name=\"twitter:card\" content=\"summary_large_image\" \/>\n<meta name=\"twitter:label1\" content=\"Gesch\u00e4tzte Lesezeit\" \/>\n\t<meta name=\"twitter:data1\" content=\"1\u00a0Minute\" \/>\n<script type=\"application\/ld+json\" class=\"yoast-schema-graph\">{\"@context\":\"https:\/\/schema.org\",\"@graph\":[{\"@type\":\"WebPage\",\"@id\":\"https:\/\/hpc.sera-web.com\/?page_id=600\",\"url\":\"https:\/\/hpc.sera-web.com\/?page_id=600\",\"name\":\"Zubeh\u00f6r Reinigungstechnik - High Pressure Cleaning\",\"isPartOf\":{\"@id\":\"https:\/\/hpc.sera-web.com\/#website\"},\"primaryImageOfPage\":{\"@id\":\"https:\/\/hpc.sera-web.com\/?page_id=600#primaryimage\"},\"image\":{\"@id\":\"https:\/\/hpc.sera-web.com\/?page_id=600#primaryimage\"},\"thumbnailUrl\":\"https:\/\/hpc.sera-web.com\/wp-content\/uploads\/2023\/02\/HD_Optionen_RGB.jpg\",\"datePublished\":\"2023-03-01T12:47:09+00:00\",\"dateModified\":\"2024-06-06T07:12:57+00:00\",\"description\":\"In Kombination mit unserer umfangreichen Zubeh\u00f6rpalette k\u00f6nnen individuelle Kundenw\u00fcnsche realisiert werden\",\"breadcrumb\":{\"@id\":\"https:\/\/hpc.sera-web.com\/?page_id=600#breadcrumb\"},\"inLanguage\":\"de\",\"potentialAction\":[{\"@type\":\"ReadAction\",\"target\":[\"https:\/\/hpc.sera-web.com\/?page_id=600\"]}]},{\"@type\":\"ImageObject\",\"inLanguage\":\"de\",\"@id\":\"https:\/\/hpc.sera-web.com\/?page_id=600#primaryimage\",\"url\":\"https:\/\/hpc.sera-web.com\/wp-content\/uploads\/2023\/02\/HD_Optionen_RGB.jpg\",\"contentUrl\":\"https:\/\/hpc.sera-web.com\/wp-content\/uploads\/2023\/02\/HD_Optionen_RGB.jpg\",\"width\":600,\"height\":476},{\"@type\":\"BreadcrumbList\",\"@id\":\"https:\/\/hpc.sera-web.com\/?page_id=600#breadcrumb\",\"itemListElement\":[{\"@type\":\"ListItem\",\"position\":1,\"name\":\"Startseite\",\"item\":\"https:\/\/hpc.sera-web.com\/\"},{\"@type\":\"ListItem\",\"position\":2,\"name\":\"Start\",\"item\":\"https:\/\/hpc.sera-web.com\/\"},{\"@type\":\"ListItem\",\"position\":3,\"name\":\"Reinigungstechnik\",\"item\":\"https:\/\/hpc.sera-web.com\/?page_id=449\"},{\"@type\":\"ListItem\",\"position\":4,\"name\":\"Zubeh\u00f6r Reinigungstechnik\"}]},{\"@type\":\"WebSite\",\"@id\":\"https:\/\/hpc.sera-web.com\/#website\",\"url\":\"https:\/\/hpc.sera-web.com\/\",\"name\":\"High Pressure Cleaning\",\"description\":\"sera GmbH\",\"publisher\":{\"@id\":\"https:\/\/hpc.sera-web.com\/#organization\"},\"potentialAction\":[{\"@type\":\"SearchAction\",\"target\":{\"@type\":\"EntryPoint\",\"urlTemplate\":\"https:\/\/hpc.sera-web.com\/?s={search_term_string}\"},\"query-input\":\"required name=search_term_string\"}],\"inLanguage\":\"de\"},{\"@type\":\"Organization\",\"@id\":\"https:\/\/hpc.sera-web.com\/#organization\",\"name\":\"sera Gruppe\",\"url\":\"https:\/\/hpc.sera-web.com\/\",\"logo\":{\"@type\":\"ImageObject\",\"inLanguage\":\"de\",\"@id\":\"https:\/\/hpc.sera-web.com\/#\/schema\/logo\/image\/\",\"url\":\"https:\/\/hpc.sera-web.com\/wp-content\/uploads\/2022\/06\/cropped-sera-icon.png\",\"contentUrl\":\"https:\/\/hpc.sera-web.com\/wp-content\/uploads\/2022\/06\/cropped-sera-icon.png\",\"width\":512,\"height\":512,\"caption\":\"sera Gruppe\"},\"image\":{\"@id\":\"https:\/\/hpc.sera-web.com\/#\/schema\/logo\/image\/\"}}]}<\/script>\n<!-- \/ Yoast SEO plugin. -->","yoast_head_json":{"title":"Zubeh\u00f6r Reinigungstechnik - High Pressure Cleaning","description":"In Kombination mit unserer umfangreichen Zubeh\u00f6rpalette k\u00f6nnen individuelle Kundenw\u00fcnsche realisiert werden","robots":{"index":"index","follow":"follow","max-snippet":"max-snippet:-1","max-image-preview":"max-image-preview:large","max-video-preview":"max-video-preview:-1"},"canonical":"https:\/\/hpc.sera-web.com\/?page_id=600","og_locale":"de_DE","og_type":"article","og_title":"Zubeh\u00f6r Reinigungstechnik - High Pressure Cleaning","og_description":"In Kombination mit unserer umfangreichen Zubeh\u00f6rpalette k\u00f6nnen individuelle Kundenw\u00fcnsche realisiert werden","og_url":"https:\/\/hpc.sera-web.com\/?page_id=600","og_site_name":"High Pressure Cleaning","article_modified_time":"2024-06-06T07:12:57+00:00","og_image":[{"width":600,"height":476,"url":"https:\/\/hpc.sera-web.com\/wp-content\/uploads\/2023\/02\/HD_Optionen_RGB.jpg","type":"image\/jpeg"}],"twitter_card":"summary_large_image","twitter_misc":{"Gesch\u00e4tzte Lesezeit":"1\u00a0Minute"},"schema":{"@context":"https:\/\/schema.org","@graph":[{"@type":"WebPage","@id":"https:\/\/hpc.sera-web.com\/?page_id=600","url":"https:\/\/hpc.sera-web.com\/?page_id=600","name":"Zubeh\u00f6r Reinigungstechnik - High Pressure Cleaning","isPartOf":{"@id":"https:\/\/hpc.sera-web.com\/#website"},"primaryImageOfPage":{"@id":"https:\/\/hpc.sera-web.com\/?page_id=600#primaryimage"},"image":{"@id":"https:\/\/hpc.sera-web.com\/?page_id=600#primaryimage"},"thumbnailUrl":"https:\/\/hpc.sera-web.com\/wp-content\/uploads\/2023\/02\/HD_Optionen_RGB.jpg","datePublished":"2023-03-01T12:47:09+00:00","dateModified":"2024-06-06T07:12:57+00:00","description":"In Kombination mit unserer umfangreichen Zubeh\u00f6rpalette k\u00f6nnen individuelle Kundenw\u00fcnsche realisiert werden","breadcrumb":{"@id":"https:\/\/hpc.sera-web.com\/?page_id=600#breadcrumb"},"inLanguage":"de","potentialAction":[{"@type":"ReadAction","target":["https:\/\/hpc.sera-web.com\/?page_id=600"]}]},{"@type":"ImageObject","inLanguage":"de","@id":"https:\/\/hpc.sera-web.com\/?page_id=600#primaryimage","url":"https:\/\/hpc.sera-web.com\/wp-content\/uploads\/2023\/02\/HD_Optionen_RGB.jpg","contentUrl":"https:\/\/hpc.sera-web.com\/wp-content\/uploads\/2023\/02\/HD_Optionen_RGB.jpg","width":600,"height":476},{"@type":"BreadcrumbList","@id":"https:\/\/hpc.sera-web.com\/?page_id=600#breadcrumb","itemListElement":[{"@type":"ListItem","position":1,"name":"Startseite","item":"https:\/\/hpc.sera-web.com\/"},{"@type":"ListItem","position":2,"name":"Start","item":"https:\/\/hpc.sera-web.com\/"},{"@type":"ListItem","position":3,"name":"Reinigungstechnik","item":"https:\/\/hpc.sera-web.com\/?page_id=449"},{"@type":"ListItem","position":4,"name":"Zubeh\u00f6r Reinigungstechnik"}]},{"@type":"WebSite","@id":"https:\/\/hpc.sera-web.com\/#website","url":"https:\/\/hpc.sera-web.com\/","name":"High Pressure Cleaning","description":"sera GmbH","publisher":{"@id":"https:\/\/hpc.sera-web.com\/#organization"},"potentialAction":[{"@type":"SearchAction","target":{"@type":"EntryPoint","urlTemplate":"https:\/\/hpc.sera-web.com\/?s={search_term_string}"},"query-input":"required name=search_term_string"}],"inLanguage":"de"},{"@type":"Organization","@id":"https:\/\/hpc.sera-web.com\/#organization","name":"sera Gruppe","url":"https:\/\/hpc.sera-web.com\/","logo":{"@type":"ImageObject","inLanguage":"de","@id":"https:\/\/hpc.sera-web.com\/#\/schema\/logo\/image\/","url":"https:\/\/hpc.sera-web.com\/wp-content\/uploads\/2022\/06\/cropped-sera-icon.png","contentUrl":"https:\/\/hpc.sera-web.com\/wp-content\/uploads\/2022\/06\/cropped-sera-icon.png","width":512,"height":512,"caption":"sera Gruppe"},"image":{"@id":"https:\/\/hpc.sera-web.com\/#\/schema\/logo\/image\/"}}]}},"_links":{"self":[{"href":"https:\/\/hpc.sera-web.com\/index.php?rest_route=\/wp\/v2\/pages\/600","targetHints":{"allow":["GET"]}}],"collection":[{"href":"https:\/\/hpc.sera-web.com\/index.php?rest_route=\/wp\/v2\/pages"}],"about":[{"href":"https:\/\/hpc.sera-web.com\/index.php?rest_route=\/wp\/v2\/types\/page"}],"author":[{"embeddable":true,"href":"https:\/\/hpc.sera-web.com\/index.php?rest_route=\/wp\/v2\/users\/1"}],"replies":[{"embeddable":true,"href":"https:\/\/hpc.sera-web.com\/index.php?rest_route=%2Fwp%2Fv2%2Fcomments&post=600"}],"version-history":[{"count":17,"href":"https:\/\/hpc.sera-web.com\/index.php?rest_route=\/wp\/v2\/pages\/600\/revisions"}],"predecessor-version":[{"id":1121,"href":"https:\/\/hpc.sera-web.com\/index.php?rest_route=\/wp\/v2\/pages\/600\/revisions\/1121"}],"up":[{"embeddable":true,"href":"https:\/\/hpc.sera-web.com\/index.php?rest_route=\/wp\/v2\/pages\/449"}],"wp:featuredmedia":[{"embeddable":true,"href":"https:\/\/hpc.sera-web.com\/index.php?rest_route=\/wp\/v2\/media\/464"}],"wp:attachment":[{"href":"https:\/\/hpc.sera-web.com\/index.php?rest_route=%2Fwp%2Fv2%2Fmedia&parent=600"}],"curies":[{"name":"wp","href":"https:\/\/api.w.org\/{rel}","templated":true}]}}