{"id":705,"date":"2023-03-22T14:20:58","date_gmt":"2023-03-22T13:20:58","guid":{"rendered":"https:\/\/hpc.sera-web.com\/?page_id=705"},"modified":"2024-04-18T10:18:54","modified_gmt":"2024-04-18T08:18:54","slug":"produktionsbehaelterreinigung","status":"publish","type":"page","link":"https:\/\/hpc.sera-web.com\/?page_id=705","title":{"rendered":"Produktionsbeh\u00e4lterreinigung"},"content":{"rendered":"\t\t<div data-elementor-type=\"wp-page\" data-elementor-id=\"705\" class=\"elementor elementor-705\" data-elementor-post-type=\"page\">\n\t\t\t\t\t\t<section class=\"elementor-section elementor-top-section elementor-element elementor-element-74ee6c3c elementor-section-boxed elementor-section-height-default elementor-section-height-default\" data-id=\"74ee6c3c\" data-element_type=\"section\" data-e-type=\"section\">\n\t\t\t\t\t\t<div class=\"elementor-container elementor-column-gap-no\">\n\t\t\t\t\t<div class=\"elementor-column elementor-col-100 elementor-top-column elementor-element elementor-element-799da08b\" data-id=\"799da08b\" data-element_type=\"column\" data-e-type=\"column\">\n\t\t\t<div class=\"elementor-widget-wrap elementor-element-populated\">\n\t\t\t\t\t\t<div class=\"elementor-element elementor-element-2eaf040f elementor-widget elementor-widget-heading\" data-id=\"2eaf040f\" data-element_type=\"widget\" data-e-type=\"widget\" data-widget_type=\"heading.default\">\n\t\t\t\t<div class=\"elementor-widget-container\">\n\t\t\t\t\t<h1 class=\"elementor-heading-title elementor-size-default\">Produktionsbeh\u00e4lterreinigung<\/h1>\t\t\t\t<\/div>\n\t\t\t\t<\/div>\n\t\t\t\t<section class=\"elementor-section elementor-inner-section elementor-element elementor-element-5868f0ec elementor-section-boxed elementor-section-height-default elementor-section-height-default\" data-id=\"5868f0ec\" data-element_type=\"section\" data-e-type=\"section\">\n\t\t\t\t\t\t<div class=\"elementor-container elementor-column-gap-no\">\n\t\t\t\t\t<div class=\"elementor-column elementor-col-50 elementor-inner-column elementor-element elementor-element-5bfa2181\" data-id=\"5bfa2181\" data-element_type=\"column\" data-e-type=\"column\">\n\t\t\t<div class=\"elementor-widget-wrap elementor-element-populated\">\n\t\t\t\t\t\t<div class=\"elementor-element elementor-element-a3479a0 elementor-widget elementor-widget-text-editor\" data-id=\"a3479a0\" data-element_type=\"widget\" data-e-type=\"widget\" data-widget_type=\"text-editor.default\">\n\t\t\t\t<div class=\"elementor-widget-container\">\n\t\t\t\t\t\t\t\t\t<p>In vielen Produktionsbereichen m\u00fcssen Beh\u00e4lter gereinigt werden. F\u00fcr diese Anwendung bietet <strong>sera<\/strong> ebenfalls eine All-in-One-L\u00f6sung, bestehend aus individuell kombinierbaren Hochdruckaggregaten mit den f\u00fcr die jeweiligen Anforderungen passenden Tankwaschk\u00f6pfen, an.<\/p>\t\t\t\t\t\t\t\t<\/div>\n\t\t\t\t<\/div>\n\t\t\t\t<div class=\"elementor-element elementor-element-619cc96 elementor-widget elementor-widget-text-editor\" data-id=\"619cc96\" data-element_type=\"widget\" data-e-type=\"widget\" data-widget_type=\"text-editor.default\">\n\t\t\t\t<div class=\"elementor-widget-container\">\n\t\t\t\t\t\t\t\t\t<p>Die robusten und f\u00fcr den Dauerbetrieb ausgelegten Hochdruckaggregaten, die mit den ben\u00f6tigten Reinigungsk\u00f6pfe best\u00fcckt werden, sorgen in Kombination mit der Dosiertechnik zum Einsatz von Chemikalien f\u00fcr einen wirtschaftlichen Reinigungsprozess. Neben einem geringeren Wasser- und Reinigungsmittelverbrauch im Vergleich zur Reinigung per Hand, ist auch die Zeitersparnis erheblich.<\/p>\t\t\t\t\t\t\t\t<\/div>\n\t\t\t\t<\/div>\n\t\t\t\t<div class=\"elementor-element elementor-element-25b9a87 bluebox elementor-widget elementor-widget-text-editor\" data-id=\"25b9a87\" data-element_type=\"widget\" data-e-type=\"widget\" id=\"bluebox\" data-widget_type=\"text-editor.default\">\n\t\t\t\t<div class=\"elementor-widget-container\">\n\t\t\t\t\t\t\t\t\tVORTEILE:\n<ul>\n \t<li>Besseres Reinigungsergebnis<\/li>\n \t<li>Reduzierte Reinigungszeit<\/li>\n \t<li>Reduzierter Wasserverbrauch<\/li>\n \t<li>Reduzierter Chemikalieneinsatz<\/li>\n<\/ul>\t\t\t\t\t\t\t\t<\/div>\n\t\t\t\t<\/div>\n\t\t\t\t<div class=\"elementor-element elementor-element-9d0a822 elementor-position-inline-start elementor-view-default elementor-mobile-position-block-start elementor-widget elementor-widget-icon-box\" data-id=\"9d0a822\" data-element_type=\"widget\" data-e-type=\"widget\" data-widget_type=\"icon-box.default\">\n\t\t\t\t<div class=\"elementor-widget-container\">\n\t\t\t\t\t\t\t<div class=\"elementor-icon-box-wrapper\">\n\n\t\t\t\t\t\t<div class=\"elementor-icon-box-icon\">\n\t\t\t\t<a href=\"https:\/\/seranews.sera-web.com\/sera-hochdrucktechnik-sorgt-fuer-saubere-produktionstanks-bei-dem-baustoffexperten-hasit\/\" target=\"_blank\" class=\"elementor-icon\" tabindex=\"-1\" aria-label=\"Artikel zum Thema\">\n\t\t\t\t<i aria-hidden=\"true\" class=\"far fa-newspaper\"><\/i>\t\t\t\t<\/a>\n\t\t\t<\/div>\n\t\t\t\n\t\t\t\t\t\t<div class=\"elementor-icon-box-content\">\n\n\t\t\t\t\t\t\t\t\t<h3 class=\"elementor-icon-box-title\">\n\t\t\t\t\t\t<a href=\"https:\/\/seranews.sera-web.com\/sera-hochdrucktechnik-sorgt-fuer-saubere-produktionstanks-bei-dem-baustoffexperten-hasit\/\" target=\"_blank\" >\n\t\t\t\t\t\t\tArtikel zum Thema\t\t\t\t\t\t<\/a>\n\t\t\t\t\t<\/h3>\n\t\t\t\t\n\t\t\t\t\n\t\t\t<\/div>\n\t\t\t\n\t\t<\/div>\n\t\t\t\t\t\t<\/div>\n\t\t\t\t<\/div>\n\t\t\t\t<div class=\"elementor-element elementor-element-8d056a6 elementor-widget elementor-widget-heading\" data-id=\"8d056a6\" data-element_type=\"widget\" data-e-type=\"widget\" data-widget_type=\"heading.default\">\n\t\t\t\t<div class=\"elementor-widget-container\">\n\t\t\t\t\t<h2 class=\"elementor-heading-title elementor-size-default\">Downloads<\/h2>\t\t\t\t<\/div>\n\t\t\t\t<\/div>\n\t\t\t\t<div class=\"elementor-element elementor-element-921c79e elementor-position-inline-start elementor-view-default elementor-mobile-position-block-start elementor-widget elementor-widget-icon-box\" data-id=\"921c79e\" data-element_type=\"widget\" data-e-type=\"widget\" data-widget_type=\"icon-box.default\">\n\t\t\t\t<div class=\"elementor-widget-container\">\n\t\t\t\t\t\t\t<div class=\"elementor-icon-box-wrapper\">\n\n\t\t\t\t\t\t<div class=\"elementor-icon-box-icon\">\n\t\t\t\t<a href=\"https:\/\/www.sera-web.com\/pdf\/hochdrucktechnik\/ms-4003_01_de_industrial-cleaning-technology.pdf\" target=\"_blank\" class=\"elementor-icon\" tabindex=\"-1\" aria-label=\"Produktinformation\">\n\t\t\t\t<i aria-hidden=\"true\" class=\"far fa-file-pdf\"><\/i>\t\t\t\t<\/a>\n\t\t\t<\/div>\n\t\t\t\n\t\t\t\t\t\t<div class=\"elementor-icon-box-content\">\n\n\t\t\t\t\t\t\t\t\t<h3 class=\"elementor-icon-box-title\">\n\t\t\t\t\t\t<a href=\"https:\/\/www.sera-web.com\/pdf\/hochdrucktechnik\/ms-4003_01_de_industrial-cleaning-technology.pdf\" target=\"_blank\" >\n\t\t\t\t\t\t\tProduktinformation\t\t\t\t\t\t<\/a>\n\t\t\t\t\t<\/h3>\n\t\t\t\t\n\t\t\t\t\n\t\t\t<\/div>\n\t\t\t\n\t\t<\/div>\n\t\t\t\t\t\t<\/div>\n\t\t\t\t<\/div>\n\t\t\t\t\t<\/div>\n\t\t<\/div>\n\t\t\t\t<div class=\"elementor-column elementor-col-50 elementor-inner-column elementor-element elementor-element-4be1cc8b\" data-id=\"4be1cc8b\" data-element_type=\"column\" data-e-type=\"column\">\n\t\t\t<div class=\"elementor-widget-wrap elementor-element-populated\">\n\t\t\t\t\t\t<div class=\"elementor-element elementor-element-3304f13 elementor-widget elementor-widget-image\" data-id=\"3304f13\" data-element_type=\"widget\" data-e-type=\"widget\" data-widget_type=\"image.default\">\n\t\t\t\t<div class=\"elementor-widget-container\">\n\t\t\t\t\t\t\t\t\t\t\t\t\t\t\t<img fetchpriority=\"high\" decoding=\"async\" width=\"1024\" height=\"819\" src=\"https:\/\/hpc.sera-web.com\/wp-content\/uploads\/2023\/03\/Tankreinigung-1024x819.png\" class=\"attachment-large size-large wp-image-681\" alt=\"Tankreinigung mittels HD Aggregat\" srcset=\"https:\/\/hpc.sera-web.com\/wp-content\/uploads\/2023\/03\/Tankreinigung-1024x819.png 1024w, https:\/\/hpc.sera-web.com\/wp-content\/uploads\/2023\/03\/Tankreinigung-300x240.png 300w, https:\/\/hpc.sera-web.com\/wp-content\/uploads\/2023\/03\/Tankreinigung-768x614.png 768w, https:\/\/hpc.sera-web.com\/wp-content\/uploads\/2023\/03\/Tankreinigung.png 1100w\" sizes=\"(max-width: 1024px) 100vw, 1024px\" \/>\t\t\t\t\t\t\t\t\t\t\t\t\t\t\t<\/div>\n\t\t\t\t<\/div>\n\t\t\t\t\t<\/div>\n\t\t<\/div>\n\t\t\t\t\t<\/div>\n\t\t<\/section>\n\t\t\t\t\t<\/div>\n\t\t<\/div>\n\t\t\t\t\t<\/div>\n\t\t<\/section>\n\t\t\t\t<section class=\"elementor-section elementor-top-section elementor-element elementor-element-515058b elementor-section-boxed elementor-section-height-default elementor-section-height-default\" data-id=\"515058b\" data-element_type=\"section\" data-e-type=\"section\">\n\t\t\t\t\t\t<div class=\"elementor-container elementor-column-gap-default\">\n\t\t\t\t\t<div class=\"elementor-column elementor-col-100 elementor-top-column elementor-element elementor-element-fbadb2c\" data-id=\"fbadb2c\" data-element_type=\"column\" data-e-type=\"column\">\n\t\t\t<div class=\"elementor-widget-wrap elementor-element-populated\">\n\t\t\t\t\t\t<div class=\"elementor-element elementor-element-5656e86 elementor-widget elementor-widget-html\" data-id=\"5656e86\" data-element_type=\"widget\" data-e-type=\"widget\" data-widget_type=\"html.default\">\n\t\t\t\t<div class=\"elementor-widget-container\">\n\t\t\t\t\t<iframe width=\"560\" height=\"680\" src=\"https:\/\/www.youtube.com\/embed\/hx6ARS_GBFE\" title=\"YouTube video player\" frameborder=\"0\" allow=\"accelerometer; autoplay; clipboard-write; encrypted-media; gyroscope; picture-in-picture; web-share\" allowfullscreen><\/iframe>\t\t\t\t<\/div>\n\t\t\t\t<\/div>\n\t\t\t\t\t<\/div>\n\t\t<\/div>\n\t\t\t\t\t<\/div>\n\t\t<\/section>\n\t\t\t\t<\/div>\n\t\t","protected":false},"excerpt":{"rendered":"<p>Produktionsbeh\u00e4lterreinigung In vielen Produktionsbereichen m\u00fcssen Beh\u00e4lter gereinigt werden. F\u00fcr diese Anwendung bietet sera ebenfalls eine All-in-One-L\u00f6sung, bestehend aus individuell kombinierbaren Hochdruckaggregaten mit den f\u00fcr die jeweiligen Anforderungen passenden Tankwaschk\u00f6pfen, an. Die robusten und f\u00fcr den Dauerbetrieb ausgelegten Hochdruckaggregaten, die mit den ben\u00f6tigten Reinigungsk\u00f6pfe best\u00fcckt werden, sorgen in Kombination mit der Dosiertechnik zum Einsatz von Chemikalien [&hellip;]<\/p>\n","protected":false},"author":1,"featured_media":681,"parent":457,"menu_order":0,"comment_status":"closed","ping_status":"closed","template":"","meta":{"site-sidebar-layout":"no-sidebar","site-content-layout":"page-builder","ast-site-content-layout":"","site-content-style":"default","site-sidebar-style":"default","ast-global-header-display":"disabled","ast-banner-title-visibility":"","ast-main-header-display":"","ast-hfb-above-header-display":"","ast-hfb-below-header-display":"","ast-hfb-mobile-header-display":"","site-post-title":"disabled","ast-breadcrumbs-content":"","ast-featured-img":"disabled","footer-sml-layout":"disabled","theme-transparent-header-meta":"","adv-header-id-meta":"","stick-header-meta":"","header-above-stick-meta":"","header-main-stick-meta":"","header-below-stick-meta":"","astra-migrate-meta-layouts":"default","ast-page-background-enabled":"default","ast-page-background-meta":{"desktop":{"background-color":"var(--ast-global-color-4)","background-image":"","background-repeat":"repeat","background-position":"center center","background-size":"auto","background-attachment":"scroll","background-type":"","background-media":"","overlay-type":"","overlay-color":"","overlay-opacity":"","overlay-gradient":""},"tablet":{"background-color":"","background-image":"","background-repeat":"repeat","background-position":"center center","background-size":"auto","background-attachment":"scroll","background-type":"","background-media":"","overlay-type":"","overlay-color":"","overlay-opacity":"","overlay-gradient":""},"mobile":{"background-color":"","background-image":"","background-repeat":"repeat","background-position":"center center","background-size":"auto","background-attachment":"scroll","background-type":"","background-media":"","overlay-type":"","overlay-color":"","overlay-opacity":"","overlay-gradient":""}},"ast-content-background-meta":{"desktop":{"background-color":"var(--ast-global-color-5)","background-image":"","background-repeat":"repeat","background-position":"center center","background-size":"auto","background-attachment":"scroll","background-type":"","background-media":"","overlay-type":"","overlay-color":"","overlay-opacity":"","overlay-gradient":""},"tablet":{"background-color":"var(--ast-global-color-5)","background-image":"","background-repeat":"repeat","background-position":"center center","background-size":"auto","background-attachment":"scroll","background-type":"","background-media":"","overlay-type":"","overlay-color":"","overlay-opacity":"","overlay-gradient":""},"mobile":{"background-color":"var(--ast-global-color-5)","background-image":"","background-repeat":"repeat","background-position":"center center","background-size":"auto","background-attachment":"scroll","background-type":"","background-media":"","overlay-type":"","overlay-color":"","overlay-opacity":"","overlay-gradient":""}},"footnotes":""},"class_list":["post-705","page","type-page","status-publish","has-post-thumbnail","hentry"],"yoast_head":"<!-- This site is optimized with the Yoast SEO plugin v22.9 - https:\/\/yoast.com\/wordpress\/plugins\/seo\/ -->\n<title>Produktionsbeh\u00e4lterreinigung - High Pressure Cleaning<\/title>\n<meta name=\"description\" content=\"F\u00fcr die Produktionsbeh\u00e4lterreinigung bietet sera kundenorientierte All-in-One-L\u00f6sungen f\u00fcr den Dauerbetrieb\" \/>\n<meta name=\"robots\" content=\"index, follow, max-snippet:-1, max-image-preview:large, max-video-preview:-1\" \/>\n<link rel=\"canonical\" href=\"https:\/\/hpc.sera-web.com\/?page_id=705\" \/>\n<meta property=\"og:locale\" content=\"de_DE\" \/>\n<meta property=\"og:type\" content=\"article\" \/>\n<meta property=\"og:title\" content=\"Produktionsbeh\u00e4lterreinigung - High Pressure Cleaning\" \/>\n<meta property=\"og:description\" content=\"F\u00fcr die Produktionsbeh\u00e4lterreinigung bietet sera kundenorientierte All-in-One-L\u00f6sungen f\u00fcr den Dauerbetrieb\" \/>\n<meta property=\"og:url\" content=\"https:\/\/hpc.sera-web.com\/?page_id=705\" \/>\n<meta property=\"og:site_name\" content=\"High Pressure Cleaning\" \/>\n<meta property=\"article:modified_time\" content=\"2024-04-18T08:18:54+00:00\" \/>\n<meta property=\"og:image\" content=\"https:\/\/hpc.sera-web.com\/wp-content\/uploads\/2023\/03\/Tankreinigung.png\" \/>\n\t<meta property=\"og:image:width\" content=\"1100\" \/>\n\t<meta property=\"og:image:height\" content=\"880\" \/>\n\t<meta property=\"og:image:type\" content=\"image\/png\" \/>\n<meta name=\"twitter:card\" content=\"summary_large_image\" \/>\n<meta name=\"twitter:label1\" content=\"Gesch\u00e4tzte Lesezeit\" \/>\n\t<meta name=\"twitter:data1\" content=\"1\u00a0Minute\" \/>\n<script type=\"application\/ld+json\" class=\"yoast-schema-graph\">{\"@context\":\"https:\/\/schema.org\",\"@graph\":[{\"@type\":\"WebPage\",\"@id\":\"https:\/\/hpc.sera-web.com\/?page_id=705\",\"url\":\"https:\/\/hpc.sera-web.com\/?page_id=705\",\"name\":\"Produktionsbeh\u00e4lterreinigung - High Pressure Cleaning\",\"isPartOf\":{\"@id\":\"https:\/\/hpc.sera-web.com\/#website\"},\"primaryImageOfPage\":{\"@id\":\"https:\/\/hpc.sera-web.com\/?page_id=705#primaryimage\"},\"image\":{\"@id\":\"https:\/\/hpc.sera-web.com\/?page_id=705#primaryimage\"},\"thumbnailUrl\":\"https:\/\/hpc.sera-web.com\/wp-content\/uploads\/2023\/03\/Tankreinigung.png\",\"datePublished\":\"2023-03-22T13:20:58+00:00\",\"dateModified\":\"2024-04-18T08:18:54+00:00\",\"description\":\"F\u00fcr die Produktionsbeh\u00e4lterreinigung bietet sera kundenorientierte All-in-One-L\u00f6sungen f\u00fcr den Dauerbetrieb\",\"breadcrumb\":{\"@id\":\"https:\/\/hpc.sera-web.com\/?page_id=705#breadcrumb\"},\"inLanguage\":\"de\",\"potentialAction\":[{\"@type\":\"ReadAction\",\"target\":[\"https:\/\/hpc.sera-web.com\/?page_id=705\"]}]},{\"@type\":\"ImageObject\",\"inLanguage\":\"de\",\"@id\":\"https:\/\/hpc.sera-web.com\/?page_id=705#primaryimage\",\"url\":\"https:\/\/hpc.sera-web.com\/wp-content\/uploads\/2023\/03\/Tankreinigung.png\",\"contentUrl\":\"https:\/\/hpc.sera-web.com\/wp-content\/uploads\/2023\/03\/Tankreinigung.png\",\"width\":1100,\"height\":880,\"caption\":\"Tankreinigung mittels HD Aggregat\"},{\"@type\":\"BreadcrumbList\",\"@id\":\"https:\/\/hpc.sera-web.com\/?page_id=705#breadcrumb\",\"itemListElement\":[{\"@type\":\"ListItem\",\"position\":1,\"name\":\"Startseite\",\"item\":\"https:\/\/hpc.sera-web.com\/\"},{\"@type\":\"ListItem\",\"position\":2,\"name\":\"Start\",\"item\":\"https:\/\/hpc.sera-web.com\/\"},{\"@type\":\"ListItem\",\"position\":3,\"name\":\"Anwendungen\",\"item\":\"https:\/\/hpc.sera-web.com\/?page_id=457\"},{\"@type\":\"ListItem\",\"position\":4,\"name\":\"Produktionsbeh\u00e4lterreinigung\"}]},{\"@type\":\"WebSite\",\"@id\":\"https:\/\/hpc.sera-web.com\/#website\",\"url\":\"https:\/\/hpc.sera-web.com\/\",\"name\":\"High Pressure Cleaning\",\"description\":\"sera GmbH\",\"publisher\":{\"@id\":\"https:\/\/hpc.sera-web.com\/#organization\"},\"potentialAction\":[{\"@type\":\"SearchAction\",\"target\":{\"@type\":\"EntryPoint\",\"urlTemplate\":\"https:\/\/hpc.sera-web.com\/?s={search_term_string}\"},\"query-input\":\"required name=search_term_string\"}],\"inLanguage\":\"de\"},{\"@type\":\"Organization\",\"@id\":\"https:\/\/hpc.sera-web.com\/#organization\",\"name\":\"sera Gruppe\",\"url\":\"https:\/\/hpc.sera-web.com\/\",\"logo\":{\"@type\":\"ImageObject\",\"inLanguage\":\"de\",\"@id\":\"https:\/\/hpc.sera-web.com\/#\/schema\/logo\/image\/\",\"url\":\"https:\/\/hpc.sera-web.com\/wp-content\/uploads\/2022\/06\/cropped-sera-icon.png\",\"contentUrl\":\"https:\/\/hpc.sera-web.com\/wp-content\/uploads\/2022\/06\/cropped-sera-icon.png\",\"width\":512,\"height\":512,\"caption\":\"sera Gruppe\"},\"image\":{\"@id\":\"https:\/\/hpc.sera-web.com\/#\/schema\/logo\/image\/\"}}]}<\/script>\n<!-- \/ Yoast SEO plugin. -->","yoast_head_json":{"title":"Produktionsbeh\u00e4lterreinigung - High Pressure Cleaning","description":"F\u00fcr die Produktionsbeh\u00e4lterreinigung bietet sera kundenorientierte All-in-One-L\u00f6sungen f\u00fcr den Dauerbetrieb","robots":{"index":"index","follow":"follow","max-snippet":"max-snippet:-1","max-image-preview":"max-image-preview:large","max-video-preview":"max-video-preview:-1"},"canonical":"https:\/\/hpc.sera-web.com\/?page_id=705","og_locale":"de_DE","og_type":"article","og_title":"Produktionsbeh\u00e4lterreinigung - High Pressure Cleaning","og_description":"F\u00fcr die Produktionsbeh\u00e4lterreinigung bietet sera kundenorientierte All-in-One-L\u00f6sungen f\u00fcr den Dauerbetrieb","og_url":"https:\/\/hpc.sera-web.com\/?page_id=705","og_site_name":"High Pressure Cleaning","article_modified_time":"2024-04-18T08:18:54+00:00","og_image":[{"width":1100,"height":880,"url":"https:\/\/hpc.sera-web.com\/wp-content\/uploads\/2023\/03\/Tankreinigung.png","type":"image\/png"}],"twitter_card":"summary_large_image","twitter_misc":{"Gesch\u00e4tzte Lesezeit":"1\u00a0Minute"},"schema":{"@context":"https:\/\/schema.org","@graph":[{"@type":"WebPage","@id":"https:\/\/hpc.sera-web.com\/?page_id=705","url":"https:\/\/hpc.sera-web.com\/?page_id=705","name":"Produktionsbeh\u00e4lterreinigung - High Pressure Cleaning","isPartOf":{"@id":"https:\/\/hpc.sera-web.com\/#website"},"primaryImageOfPage":{"@id":"https:\/\/hpc.sera-web.com\/?page_id=705#primaryimage"},"image":{"@id":"https:\/\/hpc.sera-web.com\/?page_id=705#primaryimage"},"thumbnailUrl":"https:\/\/hpc.sera-web.com\/wp-content\/uploads\/2023\/03\/Tankreinigung.png","datePublished":"2023-03-22T13:20:58+00:00","dateModified":"2024-04-18T08:18:54+00:00","description":"F\u00fcr die Produktionsbeh\u00e4lterreinigung bietet sera kundenorientierte All-in-One-L\u00f6sungen f\u00fcr den Dauerbetrieb","breadcrumb":{"@id":"https:\/\/hpc.sera-web.com\/?page_id=705#breadcrumb"},"inLanguage":"de","potentialAction":[{"@type":"ReadAction","target":["https:\/\/hpc.sera-web.com\/?page_id=705"]}]},{"@type":"ImageObject","inLanguage":"de","@id":"https:\/\/hpc.sera-web.com\/?page_id=705#primaryimage","url":"https:\/\/hpc.sera-web.com\/wp-content\/uploads\/2023\/03\/Tankreinigung.png","contentUrl":"https:\/\/hpc.sera-web.com\/wp-content\/uploads\/2023\/03\/Tankreinigung.png","width":1100,"height":880,"caption":"Tankreinigung mittels HD Aggregat"},{"@type":"BreadcrumbList","@id":"https:\/\/hpc.sera-web.com\/?page_id=705#breadcrumb","itemListElement":[{"@type":"ListItem","position":1,"name":"Startseite","item":"https:\/\/hpc.sera-web.com\/"},{"@type":"ListItem","position":2,"name":"Start","item":"https:\/\/hpc.sera-web.com\/"},{"@type":"ListItem","position":3,"name":"Anwendungen","item":"https:\/\/hpc.sera-web.com\/?page_id=457"},{"@type":"ListItem","position":4,"name":"Produktionsbeh\u00e4lterreinigung"}]},{"@type":"WebSite","@id":"https:\/\/hpc.sera-web.com\/#website","url":"https:\/\/hpc.sera-web.com\/","name":"High Pressure Cleaning","description":"sera GmbH","publisher":{"@id":"https:\/\/hpc.sera-web.com\/#organization"},"potentialAction":[{"@type":"SearchAction","target":{"@type":"EntryPoint","urlTemplate":"https:\/\/hpc.sera-web.com\/?s={search_term_string}"},"query-input":"required name=search_term_string"}],"inLanguage":"de"},{"@type":"Organization","@id":"https:\/\/hpc.sera-web.com\/#organization","name":"sera Gruppe","url":"https:\/\/hpc.sera-web.com\/","logo":{"@type":"ImageObject","inLanguage":"de","@id":"https:\/\/hpc.sera-web.com\/#\/schema\/logo\/image\/","url":"https:\/\/hpc.sera-web.com\/wp-content\/uploads\/2022\/06\/cropped-sera-icon.png","contentUrl":"https:\/\/hpc.sera-web.com\/wp-content\/uploads\/2022\/06\/cropped-sera-icon.png","width":512,"height":512,"caption":"sera Gruppe"},"image":{"@id":"https:\/\/hpc.sera-web.com\/#\/schema\/logo\/image\/"}}]}},"_links":{"self":[{"href":"https:\/\/hpc.sera-web.com\/index.php?rest_route=\/wp\/v2\/pages\/705","targetHints":{"allow":["GET"]}}],"collection":[{"href":"https:\/\/hpc.sera-web.com\/index.php?rest_route=\/wp\/v2\/pages"}],"about":[{"href":"https:\/\/hpc.sera-web.com\/index.php?rest_route=\/wp\/v2\/types\/page"}],"author":[{"embeddable":true,"href":"https:\/\/hpc.sera-web.com\/index.php?rest_route=\/wp\/v2\/users\/1"}],"replies":[{"embeddable":true,"href":"https:\/\/hpc.sera-web.com\/index.php?rest_route=%2Fwp%2Fv2%2Fcomments&post=705"}],"version-history":[{"count":42,"href":"https:\/\/hpc.sera-web.com\/index.php?rest_route=\/wp\/v2\/pages\/705\/revisions"}],"predecessor-version":[{"id":1111,"href":"https:\/\/hpc.sera-web.com\/index.php?rest_route=\/wp\/v2\/pages\/705\/revisions\/1111"}],"up":[{"embeddable":true,"href":"https:\/\/hpc.sera-web.com\/index.php?rest_route=\/wp\/v2\/pages\/457"}],"wp:featuredmedia":[{"embeddable":true,"href":"https:\/\/hpc.sera-web.com\/index.php?rest_route=\/wp\/v2\/media\/681"}],"wp:attachment":[{"href":"https:\/\/hpc.sera-web.com\/index.php?rest_route=%2Fwp%2Fv2%2Fmedia&parent=705"}],"curies":[{"name":"wp","href":"https:\/\/api.w.org\/{rel}","templated":true}]}}