{"id":713,"date":"2023-03-22T14:26:29","date_gmt":"2023-03-22T13:26:29","guid":{"rendered":"https:\/\/hpc.sera-web.com\/?page_id=713"},"modified":"2024-04-17T06:22:05","modified_gmt":"2024-04-17T04:22:05","slug":"transportbehaelterreinigung","status":"publish","type":"page","link":"https:\/\/hpc.sera-web.com\/?page_id=713","title":{"rendered":"Transportbeh\u00e4lterreinigung"},"content":{"rendered":"\t\t<div data-elementor-type=\"wp-page\" data-elementor-id=\"713\" class=\"elementor elementor-713\" data-elementor-post-type=\"page\">\n\t\t\t\t\t\t<section class=\"elementor-section elementor-top-section elementor-element elementor-element-74ee6c3c elementor-section-boxed elementor-section-height-default elementor-section-height-default\" data-id=\"74ee6c3c\" data-element_type=\"section\" data-e-type=\"section\">\n\t\t\t\t\t\t<div class=\"elementor-container elementor-column-gap-no\">\n\t\t\t\t\t<div class=\"elementor-column elementor-col-100 elementor-top-column elementor-element elementor-element-799da08b\" data-id=\"799da08b\" data-element_type=\"column\" data-e-type=\"column\">\n\t\t\t<div class=\"elementor-widget-wrap elementor-element-populated\">\n\t\t\t\t\t\t<div class=\"elementor-element elementor-element-2eaf040f elementor-widget elementor-widget-heading\" data-id=\"2eaf040f\" data-element_type=\"widget\" data-e-type=\"widget\" data-widget_type=\"heading.default\">\n\t\t\t\t<div class=\"elementor-widget-container\">\n\t\t\t\t\t<h1 class=\"elementor-heading-title elementor-size-default\">Transportbeh\u00e4lterreingung<\/h1>\t\t\t\t<\/div>\n\t\t\t\t<\/div>\n\t\t\t\t<section class=\"elementor-section elementor-inner-section elementor-element elementor-element-5868f0ec elementor-section-boxed elementor-section-height-default elementor-section-height-default\" data-id=\"5868f0ec\" data-element_type=\"section\" data-e-type=\"section\">\n\t\t\t\t\t\t<div class=\"elementor-container elementor-column-gap-no\">\n\t\t\t\t\t<div class=\"elementor-column elementor-col-50 elementor-inner-column elementor-element elementor-element-5bfa2181\" data-id=\"5bfa2181\" data-element_type=\"column\" data-e-type=\"column\">\n\t\t\t<div class=\"elementor-widget-wrap elementor-element-populated\">\n\t\t\t\t\t\t<div class=\"elementor-element elementor-element-d1c01c2 elementor-widget elementor-widget-text-editor\" data-id=\"d1c01c2\" data-element_type=\"widget\" data-e-type=\"widget\" data-widget_type=\"text-editor.default\">\n\t\t\t\t<div class=\"elementor-widget-container\">\n\t\t\t\t\t\t\t\t\t<p><strong>sera<\/strong> bietet kundenspezifische L\u00f6sungen f\u00fcr die halb-automatische Au\u00dfen- und Innenreinigung von Transportbeh\u00e4ltern aus Metall oder Kunststoff. Je nach Anforderung der Reinheit und des transportierten Mediums werden die Hochdruckaggregate kundenspezifisch ausgelegt.<\/p>\t\t\t\t\t\t\t\t<\/div>\n\t\t\t\t<\/div>\n\t\t\t\t<div class=\"elementor-element elementor-element-1c0dda0 elementor-widget elementor-widget-text-editor\" data-id=\"1c0dda0\" data-element_type=\"widget\" data-e-type=\"widget\" data-widget_type=\"text-editor.default\">\n\t\t\t\t<div class=\"elementor-widget-container\">\n\t\t\t\t\t\t\t\t\tGeliefert werden kompakte Plug&#038;Play-Systeme die vor Ort nur noch an die Wasser- und Stromversorgung angeschlossen werden m\u00fcssen. Die mobilen oder station\u00e4ren L\u00f6sungen bestehen aus Pumpenaggregaten, den passenden Armaturen und Verbindungsmaterialien, sowie einer Steuerungstechnik die in ein bestehendes Produktionsprogramm integriert werden kann.  \t\t\t\t\t\t\t\t<\/div>\n\t\t\t\t<\/div>\n\t\t\t\t<div class=\"elementor-element elementor-element-a7f5508 bluebox elementor-widget elementor-widget-text-editor\" data-id=\"a7f5508\" data-element_type=\"widget\" data-e-type=\"widget\" data-widget_type=\"text-editor.default\">\n\t\t\t\t<div class=\"elementor-widget-container\">\n\t\t\t\t\t\t\t\t\tANWENDUNGSBEREICHE:\n<ul>\n \t<li>\nChemieherstellung\n<\/li>\n \t<li>\nLebensmittelproduktion\n<\/li>\n \t<li>\nLogistikunternehmen f\u00fcr Chemie und Lebensmittel\n<\/li>\n<\/ul>\t\t\t\t\t\t\t\t<\/div>\n\t\t\t\t<\/div>\n\t\t\t\t<div class=\"elementor-element elementor-element-83172b5 elementor-position-inline-start elementor-view-default elementor-mobile-position-block-start elementor-widget elementor-widget-icon-box\" data-id=\"83172b5\" data-element_type=\"widget\" data-e-type=\"widget\" data-widget_type=\"icon-box.default\">\n\t\t\t\t<div class=\"elementor-widget-container\">\n\t\t\t\t\t\t\t<div class=\"elementor-icon-box-wrapper\">\n\n\t\t\t\t\t\t<div class=\"elementor-icon-box-icon\">\n\t\t\t\t<a href=\"https:\/\/seranews.sera-web.com\/behaelterreinigungs-systeme-von-sera\/\" target=\"_blank\" class=\"elementor-icon\" tabindex=\"-1\" aria-label=\"Artikel zum Thema\">\n\t\t\t\t<i aria-hidden=\"true\" class=\"far fa-newspaper\"><\/i>\t\t\t\t<\/a>\n\t\t\t<\/div>\n\t\t\t\n\t\t\t\t\t\t<div class=\"elementor-icon-box-content\">\n\n\t\t\t\t\t\t\t\t\t<h3 class=\"elementor-icon-box-title\">\n\t\t\t\t\t\t<a href=\"https:\/\/seranews.sera-web.com\/behaelterreinigungs-systeme-von-sera\/\" target=\"_blank\" >\n\t\t\t\t\t\t\tArtikel zum Thema\t\t\t\t\t\t<\/a>\n\t\t\t\t\t<\/h3>\n\t\t\t\t\n\t\t\t\t\n\t\t\t<\/div>\n\t\t\t\n\t\t<\/div>\n\t\t\t\t\t\t<\/div>\n\t\t\t\t<\/div>\n\t\t\t\t<div class=\"elementor-element elementor-element-8d056a6 elementor-widget elementor-widget-heading\" data-id=\"8d056a6\" data-element_type=\"widget\" data-e-type=\"widget\" data-widget_type=\"heading.default\">\n\t\t\t\t<div class=\"elementor-widget-container\">\n\t\t\t\t\t<h2 class=\"elementor-heading-title elementor-size-default\">Downloads<\/h2>\t\t\t\t<\/div>\n\t\t\t\t<\/div>\n\t\t\t\t<div class=\"elementor-element elementor-element-921c79e elementor-position-inline-start elementor-view-default elementor-mobile-position-block-start elementor-widget elementor-widget-icon-box\" data-id=\"921c79e\" data-element_type=\"widget\" data-e-type=\"widget\" data-widget_type=\"icon-box.default\">\n\t\t\t\t<div class=\"elementor-widget-container\">\n\t\t\t\t\t\t\t<div class=\"elementor-icon-box-wrapper\">\n\n\t\t\t\t\t\t<div class=\"elementor-icon-box-icon\">\n\t\t\t\t<a href=\"https:\/\/www.sera-web.com\/pdf\/hochdrucktechnik\/ms-4003_01_de_industrial-cleaning-technology.pdf\" target=\"_blank\" class=\"elementor-icon\" tabindex=\"-1\" aria-label=\"Produktinformation\">\n\t\t\t\t<i aria-hidden=\"true\" class=\"far fa-file-pdf\"><\/i>\t\t\t\t<\/a>\n\t\t\t<\/div>\n\t\t\t\n\t\t\t\t\t\t<div class=\"elementor-icon-box-content\">\n\n\t\t\t\t\t\t\t\t\t<h3 class=\"elementor-icon-box-title\">\n\t\t\t\t\t\t<a href=\"https:\/\/www.sera-web.com\/pdf\/hochdrucktechnik\/ms-4003_01_de_industrial-cleaning-technology.pdf\" target=\"_blank\" >\n\t\t\t\t\t\t\tProduktinformation\t\t\t\t\t\t<\/a>\n\t\t\t\t\t<\/h3>\n\t\t\t\t\n\t\t\t\t\n\t\t\t<\/div>\n\t\t\t\n\t\t<\/div>\n\t\t\t\t\t\t<\/div>\n\t\t\t\t<\/div>\n\t\t\t\t\t<\/div>\n\t\t<\/div>\n\t\t\t\t<div class=\"elementor-column elementor-col-50 elementor-inner-column elementor-element elementor-element-4be1cc8b\" data-id=\"4be1cc8b\" data-element_type=\"column\" data-e-type=\"column\">\n\t\t\t<div class=\"elementor-widget-wrap elementor-element-populated\">\n\t\t\t\t\t\t<div class=\"elementor-element elementor-element-3304f13 elementor-widget elementor-widget-image\" data-id=\"3304f13\" data-element_type=\"widget\" data-e-type=\"widget\" data-widget_type=\"image.default\">\n\t\t\t\t<div class=\"elementor-widget-container\">\n\t\t\t\t\t\t\t\t\t\t\t\t\t\t\t<img fetchpriority=\"high\" decoding=\"async\" width=\"800\" height=\"666\" src=\"https:\/\/hpc.sera-web.com\/wp-content\/uploads\/2023\/03\/IBC_Reinigung_HD-Anlage.png\" class=\"attachment-large size-large wp-image-883\" alt=\"Anlage zur Reinigung von IBC Beh\u00e4ltern\" srcset=\"https:\/\/hpc.sera-web.com\/wp-content\/uploads\/2023\/03\/IBC_Reinigung_HD-Anlage.png 800w, https:\/\/hpc.sera-web.com\/wp-content\/uploads\/2023\/03\/IBC_Reinigung_HD-Anlage-300x250.png 300w, https:\/\/hpc.sera-web.com\/wp-content\/uploads\/2023\/03\/IBC_Reinigung_HD-Anlage-768x639.png 768w\" sizes=\"(max-width: 800px) 100vw, 800px\" \/>\t\t\t\t\t\t\t\t\t\t\t\t\t\t\t<\/div>\n\t\t\t\t<\/div>\n\t\t\t\t\t<\/div>\n\t\t<\/div>\n\t\t\t\t\t<\/div>\n\t\t<\/section>\n\t\t\t\t\t<\/div>\n\t\t<\/div>\n\t\t\t\t\t<\/div>\n\t\t<\/section>\n\t\t\t\t<\/div>\n\t\t","protected":false},"excerpt":{"rendered":"<p>Transportbeh\u00e4lterreingung sera bietet kundenspezifische L\u00f6sungen f\u00fcr die halb-automatische Au\u00dfen- und Innenreinigung von Transportbeh\u00e4ltern aus Metall oder Kunststoff. Je nach Anforderung der Reinheit und des transportierten Mediums werden die Hochdruckaggregate kundenspezifisch ausgelegt. Geliefert werden kompakte Plug&#038;Play-Systeme die vor Ort nur noch an die Wasser- und Stromversorgung angeschlossen werden m\u00fcssen. Die mobilen oder station\u00e4ren L\u00f6sungen bestehen aus [&hellip;]<\/p>\n","protected":false},"author":1,"featured_media":883,"parent":457,"menu_order":0,"comment_status":"closed","ping_status":"closed","template":"","meta":{"site-sidebar-layout":"no-sidebar","site-content-layout":"page-builder","ast-site-content-layout":"","site-content-style":"default","site-sidebar-style":"default","ast-global-header-display":"disabled","ast-banner-title-visibility":"","ast-main-header-display":"","ast-hfb-above-header-display":"","ast-hfb-below-header-display":"","ast-hfb-mobile-header-display":"","site-post-title":"disabled","ast-breadcrumbs-content":"","ast-featured-img":"disabled","footer-sml-layout":"disabled","theme-transparent-header-meta":"","adv-header-id-meta":"","stick-header-meta":"","header-above-stick-meta":"","header-main-stick-meta":"","header-below-stick-meta":"","astra-migrate-meta-layouts":"default","ast-page-background-enabled":"default","ast-page-background-meta":{"desktop":{"background-color":"var(--ast-global-color-4)","background-image":"","background-repeat":"repeat","background-position":"center center","background-size":"auto","background-attachment":"scroll","background-type":"","background-media":"","overlay-type":"","overlay-color":"","overlay-opacity":"","overlay-gradient":""},"tablet":{"background-color":"","background-image":"","background-repeat":"repeat","background-position":"center center","background-size":"auto","background-attachment":"scroll","background-type":"","background-media":"","overlay-type":"","overlay-color":"","overlay-opacity":"","overlay-gradient":""},"mobile":{"background-color":"","background-image":"","background-repeat":"repeat","background-position":"center center","background-size":"auto","background-attachment":"scroll","background-type":"","background-media":"","overlay-type":"","overlay-color":"","overlay-opacity":"","overlay-gradient":""}},"ast-content-background-meta":{"desktop":{"background-color":"var(--ast-global-color-5)","background-image":"","background-repeat":"repeat","background-position":"center center","background-size":"auto","background-attachment":"scroll","background-type":"","background-media":"","overlay-type":"","overlay-color":"","overlay-opacity":"","overlay-gradient":""},"tablet":{"background-color":"var(--ast-global-color-5)","background-image":"","background-repeat":"repeat","background-position":"center center","background-size":"auto","background-attachment":"scroll","background-type":"","background-media":"","overlay-type":"","overlay-color":"","overlay-opacity":"","overlay-gradient":""},"mobile":{"background-color":"var(--ast-global-color-5)","background-image":"","background-repeat":"repeat","background-position":"center center","background-size":"auto","background-attachment":"scroll","background-type":"","background-media":"","overlay-type":"","overlay-color":"","overlay-opacity":"","overlay-gradient":""}},"footnotes":""},"class_list":["post-713","page","type-page","status-publish","has-post-thumbnail","hentry"],"yoast_head":"<!-- This site is optimized with the Yoast SEO plugin v22.9 - https:\/\/yoast.com\/wordpress\/plugins\/seo\/ -->\n<title>Transportbeh\u00e4lterreinigung - High Pressure Cleaning<\/title>\n<meta name=\"description\" content=\"sera bietet kundenspezifische L\u00f6sungen f\u00fcr die halb-automatische Au\u00dfen- und Innenreinigung von Transportbeh\u00e4ltern aus Metall oder Kunststoff\" \/>\n<meta name=\"robots\" content=\"index, follow, max-snippet:-1, max-image-preview:large, max-video-preview:-1\" \/>\n<link rel=\"canonical\" href=\"https:\/\/hpc.sera-web.com\/?page_id=713\" \/>\n<meta property=\"og:locale\" content=\"de_DE\" \/>\n<meta property=\"og:type\" content=\"article\" \/>\n<meta property=\"og:title\" content=\"Transportbeh\u00e4lterreinigung - High Pressure Cleaning\" \/>\n<meta property=\"og:description\" content=\"sera bietet kundenspezifische L\u00f6sungen f\u00fcr die halb-automatische Au\u00dfen- und Innenreinigung von Transportbeh\u00e4ltern aus Metall oder Kunststoff\" \/>\n<meta property=\"og:url\" content=\"https:\/\/hpc.sera-web.com\/?page_id=713\" \/>\n<meta property=\"og:site_name\" content=\"High Pressure Cleaning\" \/>\n<meta property=\"article:modified_time\" content=\"2024-04-17T04:22:05+00:00\" \/>\n<meta property=\"og:image\" content=\"https:\/\/hpc.sera-web.com\/wp-content\/uploads\/2023\/03\/IBC_Reinigung_HD-Anlage.png\" \/>\n\t<meta property=\"og:image:width\" content=\"800\" \/>\n\t<meta property=\"og:image:height\" content=\"666\" \/>\n\t<meta property=\"og:image:type\" content=\"image\/png\" \/>\n<meta name=\"twitter:card\" content=\"summary_large_image\" \/>\n<meta name=\"twitter:label1\" content=\"Gesch\u00e4tzte Lesezeit\" \/>\n\t<meta name=\"twitter:data1\" content=\"1\u00a0Minute\" \/>\n<script type=\"application\/ld+json\" class=\"yoast-schema-graph\">{\"@context\":\"https:\/\/schema.org\",\"@graph\":[{\"@type\":\"WebPage\",\"@id\":\"https:\/\/hpc.sera-web.com\/?page_id=713\",\"url\":\"https:\/\/hpc.sera-web.com\/?page_id=713\",\"name\":\"Transportbeh\u00e4lterreinigung - High Pressure Cleaning\",\"isPartOf\":{\"@id\":\"https:\/\/hpc.sera-web.com\/#website\"},\"primaryImageOfPage\":{\"@id\":\"https:\/\/hpc.sera-web.com\/?page_id=713#primaryimage\"},\"image\":{\"@id\":\"https:\/\/hpc.sera-web.com\/?page_id=713#primaryimage\"},\"thumbnailUrl\":\"https:\/\/hpc.sera-web.com\/wp-content\/uploads\/2023\/03\/IBC_Reinigung_HD-Anlage.png\",\"datePublished\":\"2023-03-22T13:26:29+00:00\",\"dateModified\":\"2024-04-17T04:22:05+00:00\",\"description\":\"sera bietet kundenspezifische L\u00f6sungen f\u00fcr die halb-automatische Au\u00dfen- und Innenreinigung von Transportbeh\u00e4ltern aus Metall oder Kunststoff\",\"breadcrumb\":{\"@id\":\"https:\/\/hpc.sera-web.com\/?page_id=713#breadcrumb\"},\"inLanguage\":\"de\",\"potentialAction\":[{\"@type\":\"ReadAction\",\"target\":[\"https:\/\/hpc.sera-web.com\/?page_id=713\"]}]},{\"@type\":\"ImageObject\",\"inLanguage\":\"de\",\"@id\":\"https:\/\/hpc.sera-web.com\/?page_id=713#primaryimage\",\"url\":\"https:\/\/hpc.sera-web.com\/wp-content\/uploads\/2023\/03\/IBC_Reinigung_HD-Anlage.png\",\"contentUrl\":\"https:\/\/hpc.sera-web.com\/wp-content\/uploads\/2023\/03\/IBC_Reinigung_HD-Anlage.png\",\"width\":800,\"height\":666,\"caption\":\"Anlage zur Reinigung von IBC Beh\u00e4ltern\"},{\"@type\":\"BreadcrumbList\",\"@id\":\"https:\/\/hpc.sera-web.com\/?page_id=713#breadcrumb\",\"itemListElement\":[{\"@type\":\"ListItem\",\"position\":1,\"name\":\"Startseite\",\"item\":\"https:\/\/hpc.sera-web.com\/\"},{\"@type\":\"ListItem\",\"position\":2,\"name\":\"Start\",\"item\":\"https:\/\/hpc.sera-web.com\/\"},{\"@type\":\"ListItem\",\"position\":3,\"name\":\"Anwendungen\",\"item\":\"https:\/\/hpc.sera-web.com\/?page_id=457\"},{\"@type\":\"ListItem\",\"position\":4,\"name\":\"Transportbeh\u00e4lterreinigung\"}]},{\"@type\":\"WebSite\",\"@id\":\"https:\/\/hpc.sera-web.com\/#website\",\"url\":\"https:\/\/hpc.sera-web.com\/\",\"name\":\"High Pressure Cleaning\",\"description\":\"sera GmbH\",\"publisher\":{\"@id\":\"https:\/\/hpc.sera-web.com\/#organization\"},\"potentialAction\":[{\"@type\":\"SearchAction\",\"target\":{\"@type\":\"EntryPoint\",\"urlTemplate\":\"https:\/\/hpc.sera-web.com\/?s={search_term_string}\"},\"query-input\":\"required name=search_term_string\"}],\"inLanguage\":\"de\"},{\"@type\":\"Organization\",\"@id\":\"https:\/\/hpc.sera-web.com\/#organization\",\"name\":\"sera Gruppe\",\"url\":\"https:\/\/hpc.sera-web.com\/\",\"logo\":{\"@type\":\"ImageObject\",\"inLanguage\":\"de\",\"@id\":\"https:\/\/hpc.sera-web.com\/#\/schema\/logo\/image\/\",\"url\":\"https:\/\/hpc.sera-web.com\/wp-content\/uploads\/2022\/06\/cropped-sera-icon.png\",\"contentUrl\":\"https:\/\/hpc.sera-web.com\/wp-content\/uploads\/2022\/06\/cropped-sera-icon.png\",\"width\":512,\"height\":512,\"caption\":\"sera Gruppe\"},\"image\":{\"@id\":\"https:\/\/hpc.sera-web.com\/#\/schema\/logo\/image\/\"}}]}<\/script>\n<!-- \/ Yoast SEO plugin. -->","yoast_head_json":{"title":"Transportbeh\u00e4lterreinigung - High Pressure Cleaning","description":"sera bietet kundenspezifische L\u00f6sungen f\u00fcr die halb-automatische Au\u00dfen- und Innenreinigung von Transportbeh\u00e4ltern aus Metall oder Kunststoff","robots":{"index":"index","follow":"follow","max-snippet":"max-snippet:-1","max-image-preview":"max-image-preview:large","max-video-preview":"max-video-preview:-1"},"canonical":"https:\/\/hpc.sera-web.com\/?page_id=713","og_locale":"de_DE","og_type":"article","og_title":"Transportbeh\u00e4lterreinigung - High Pressure Cleaning","og_description":"sera bietet kundenspezifische L\u00f6sungen f\u00fcr die halb-automatische Au\u00dfen- und Innenreinigung von Transportbeh\u00e4ltern aus Metall oder Kunststoff","og_url":"https:\/\/hpc.sera-web.com\/?page_id=713","og_site_name":"High Pressure Cleaning","article_modified_time":"2024-04-17T04:22:05+00:00","og_image":[{"width":800,"height":666,"url":"https:\/\/hpc.sera-web.com\/wp-content\/uploads\/2023\/03\/IBC_Reinigung_HD-Anlage.png","type":"image\/png"}],"twitter_card":"summary_large_image","twitter_misc":{"Gesch\u00e4tzte Lesezeit":"1\u00a0Minute"},"schema":{"@context":"https:\/\/schema.org","@graph":[{"@type":"WebPage","@id":"https:\/\/hpc.sera-web.com\/?page_id=713","url":"https:\/\/hpc.sera-web.com\/?page_id=713","name":"Transportbeh\u00e4lterreinigung - High Pressure Cleaning","isPartOf":{"@id":"https:\/\/hpc.sera-web.com\/#website"},"primaryImageOfPage":{"@id":"https:\/\/hpc.sera-web.com\/?page_id=713#primaryimage"},"image":{"@id":"https:\/\/hpc.sera-web.com\/?page_id=713#primaryimage"},"thumbnailUrl":"https:\/\/hpc.sera-web.com\/wp-content\/uploads\/2023\/03\/IBC_Reinigung_HD-Anlage.png","datePublished":"2023-03-22T13:26:29+00:00","dateModified":"2024-04-17T04:22:05+00:00","description":"sera bietet kundenspezifische L\u00f6sungen f\u00fcr die halb-automatische Au\u00dfen- und Innenreinigung von Transportbeh\u00e4ltern aus Metall oder Kunststoff","breadcrumb":{"@id":"https:\/\/hpc.sera-web.com\/?page_id=713#breadcrumb"},"inLanguage":"de","potentialAction":[{"@type":"ReadAction","target":["https:\/\/hpc.sera-web.com\/?page_id=713"]}]},{"@type":"ImageObject","inLanguage":"de","@id":"https:\/\/hpc.sera-web.com\/?page_id=713#primaryimage","url":"https:\/\/hpc.sera-web.com\/wp-content\/uploads\/2023\/03\/IBC_Reinigung_HD-Anlage.png","contentUrl":"https:\/\/hpc.sera-web.com\/wp-content\/uploads\/2023\/03\/IBC_Reinigung_HD-Anlage.png","width":800,"height":666,"caption":"Anlage zur Reinigung von IBC Beh\u00e4ltern"},{"@type":"BreadcrumbList","@id":"https:\/\/hpc.sera-web.com\/?page_id=713#breadcrumb","itemListElement":[{"@type":"ListItem","position":1,"name":"Startseite","item":"https:\/\/hpc.sera-web.com\/"},{"@type":"ListItem","position":2,"name":"Start","item":"https:\/\/hpc.sera-web.com\/"},{"@type":"ListItem","position":3,"name":"Anwendungen","item":"https:\/\/hpc.sera-web.com\/?page_id=457"},{"@type":"ListItem","position":4,"name":"Transportbeh\u00e4lterreinigung"}]},{"@type":"WebSite","@id":"https:\/\/hpc.sera-web.com\/#website","url":"https:\/\/hpc.sera-web.com\/","name":"High Pressure Cleaning","description":"sera GmbH","publisher":{"@id":"https:\/\/hpc.sera-web.com\/#organization"},"potentialAction":[{"@type":"SearchAction","target":{"@type":"EntryPoint","urlTemplate":"https:\/\/hpc.sera-web.com\/?s={search_term_string}"},"query-input":"required name=search_term_string"}],"inLanguage":"de"},{"@type":"Organization","@id":"https:\/\/hpc.sera-web.com\/#organization","name":"sera Gruppe","url":"https:\/\/hpc.sera-web.com\/","logo":{"@type":"ImageObject","inLanguage":"de","@id":"https:\/\/hpc.sera-web.com\/#\/schema\/logo\/image\/","url":"https:\/\/hpc.sera-web.com\/wp-content\/uploads\/2022\/06\/cropped-sera-icon.png","contentUrl":"https:\/\/hpc.sera-web.com\/wp-content\/uploads\/2022\/06\/cropped-sera-icon.png","width":512,"height":512,"caption":"sera Gruppe"},"image":{"@id":"https:\/\/hpc.sera-web.com\/#\/schema\/logo\/image\/"}}]}},"_links":{"self":[{"href":"https:\/\/hpc.sera-web.com\/index.php?rest_route=\/wp\/v2\/pages\/713","targetHints":{"allow":["GET"]}}],"collection":[{"href":"https:\/\/hpc.sera-web.com\/index.php?rest_route=\/wp\/v2\/pages"}],"about":[{"href":"https:\/\/hpc.sera-web.com\/index.php?rest_route=\/wp\/v2\/types\/page"}],"author":[{"embeddable":true,"href":"https:\/\/hpc.sera-web.com\/index.php?rest_route=\/wp\/v2\/users\/1"}],"replies":[{"embeddable":true,"href":"https:\/\/hpc.sera-web.com\/index.php?rest_route=%2Fwp%2Fv2%2Fcomments&post=713"}],"version-history":[{"count":36,"href":"https:\/\/hpc.sera-web.com\/index.php?rest_route=\/wp\/v2\/pages\/713\/revisions"}],"predecessor-version":[{"id":1108,"href":"https:\/\/hpc.sera-web.com\/index.php?rest_route=\/wp\/v2\/pages\/713\/revisions\/1108"}],"up":[{"embeddable":true,"href":"https:\/\/hpc.sera-web.com\/index.php?rest_route=\/wp\/v2\/pages\/457"}],"wp:featuredmedia":[{"embeddable":true,"href":"https:\/\/hpc.sera-web.com\/index.php?rest_route=\/wp\/v2\/media\/883"}],"wp:attachment":[{"href":"https:\/\/hpc.sera-web.com\/index.php?rest_route=%2Fwp%2Fv2%2Fmedia&parent=713"}],"curies":[{"name":"wp","href":"https:\/\/api.w.org\/{rel}","templated":true}]}}