{"id":860,"date":"2023-03-28T13:17:48","date_gmt":"2023-03-28T11:17:48","guid":{"rendered":"https:\/\/hpc.sera-web.com\/?page_id=860"},"modified":"2023-03-31T13:29:05","modified_gmt":"2023-03-31T11:29:05","slug":"kontakt","status":"publish","type":"page","link":"https:\/\/hpc.sera-web.com\/?page_id=860","title":{"rendered":"Kontakt"},"content":{"rendered":"\t\t<div data-elementor-type=\"wp-page\" data-elementor-id=\"860\" class=\"elementor elementor-860\" data-elementor-post-type=\"page\">\n\t\t\t\t\t\t<section class=\"elementor-section elementor-top-section elementor-element elementor-element-4d628bd elementor-section-boxed elementor-section-height-default elementor-section-height-default\" data-id=\"4d628bd\" data-element_type=\"section\" data-e-type=\"section\">\n\t\t\t\t\t\t<div class=\"elementor-container elementor-column-gap-default\">\n\t\t\t\t\t<div class=\"elementor-column elementor-col-100 elementor-top-column elementor-element elementor-element-d8a4c9e\" data-id=\"d8a4c9e\" data-element_type=\"column\" data-e-type=\"column\">\n\t\t\t<div class=\"elementor-widget-wrap elementor-element-populated\">\n\t\t\t\t\t\t<div class=\"elementor-element elementor-element-8f0fb4f elementor-widget elementor-widget-heading\" data-id=\"8f0fb4f\" data-element_type=\"widget\" data-e-type=\"widget\" data-widget_type=\"heading.default\">\n\t\t\t\t<div class=\"elementor-widget-container\">\n\t\t\t\t\t<h2 class=\"elementor-heading-title elementor-size-default\">Ihr Kontakt zu uns<\/h2>\t\t\t\t<\/div>\n\t\t\t\t<\/div>\n\t\t\t\t<section class=\"elementor-section elementor-inner-section elementor-element elementor-element-93dfd8b elementor-section-boxed elementor-section-height-default elementor-section-height-default\" data-id=\"93dfd8b\" data-element_type=\"section\" data-e-type=\"section\">\n\t\t\t\t\t\t<div class=\"elementor-container elementor-column-gap-default\">\n\t\t\t\t\t<div class=\"elementor-column elementor-col-33 elementor-inner-column elementor-element elementor-element-7ba08e2\" data-id=\"7ba08e2\" data-element_type=\"column\" data-e-type=\"column\">\n\t\t\t<div class=\"elementor-widget-wrap elementor-element-populated\">\n\t\t\t\t\t\t<div class=\"elementor-element elementor-element-aa33e83 elementor-widget elementor-widget-heading\" data-id=\"aa33e83\" data-element_type=\"widget\" data-e-type=\"widget\" data-widget_type=\"heading.default\">\n\t\t\t\t<div class=\"elementor-widget-container\">\n\t\t\t\t\t<h2 class=\"elementor-heading-title elementor-size-default\">Deutschland<\/h2>\t\t\t\t<\/div>\n\t\t\t\t<\/div>\n\t\t\t\t<div class=\"elementor-element elementor-element-fa948af elementor-widget elementor-widget-text-editor\" data-id=\"fa948af\" data-element_type=\"widget\" data-e-type=\"widget\" data-widget_type=\"text-editor.default\">\n\t\t\t\t<div class=\"elementor-widget-container\">\n\t\t\t\t\t\t\t\t\t<strong>sera ProDos GmbH<\/strong><br>\nsera-Stra\u00dfe 1<br>\n34376 Immenhausen<br>\nDeutschland<br><br>\n\nTel.: +49 5673 999-02<br>\nFax: +49 5673 999-03<br><br>\n\nE-Mail:\u00a0<a href=\"mailto: sales.prodos@sera-web.com?subject=Anfrage%20zu%20sera%20HPC%20Produkten\">sales.prodos@sera-web.com<\/a>\t\t\t\t\t\t\t\t<\/div>\n\t\t\t\t<\/div>\n\t\t\t\t<div class=\"elementor-element elementor-element-0214cc6 elementor-widget elementor-widget-heading\" data-id=\"0214cc6\" data-element_type=\"widget\" data-e-type=\"widget\" data-widget_type=\"heading.default\">\n\t\t\t\t<div class=\"elementor-widget-container\">\n\t\t\t\t\t<h2 class=\"elementor-heading-title elementor-size-default\">Ihr pers\u00f6nlicher Kontakt<\/h2>\t\t\t\t<\/div>\n\t\t\t\t<\/div>\n\t\t\t\t<div class=\"elementor-element elementor-element-651e0c2 elementor-widget elementor-widget-text-editor\" data-id=\"651e0c2\" data-element_type=\"widget\" data-e-type=\"widget\" data-widget_type=\"text-editor.default\">\n\t\t\t\t<div class=\"elementor-widget-container\">\n\t\t\t\t\t\t\t\t\t<strong>Maik Mett<\/strong><br>\nSales High Pressure Technology<br><br>\n\nTel.: +49 5673 999-1862<br>\nMobil: +49 172 5434375<br><br>\n\nE-Mail:\u00a0<a href=\"mailto: m.mett@sera-web.com?subject=Anfrage%20zu%20sera%20HPC%20Produkten\">m.mett@sera-web.com<\/a>\t\t\t\t\t\t\t\t<\/div>\n\t\t\t\t<\/div>\n\t\t\t\t\t<\/div>\n\t\t<\/div>\n\t\t\t\t<div class=\"elementor-column elementor-col-33 elementor-inner-column elementor-element elementor-element-7764093\" data-id=\"7764093\" data-element_type=\"column\" data-e-type=\"column\">\n\t\t\t<div class=\"elementor-widget-wrap elementor-element-populated\">\n\t\t\t\t\t\t<div class=\"elementor-element elementor-element-c86910c elementor-widget elementor-widget-heading\" data-id=\"c86910c\" data-element_type=\"widget\" data-e-type=\"widget\" data-widget_type=\"heading.default\">\n\t\t\t\t<div class=\"elementor-widget-container\">\n\t\t\t\t\t<h2 class=\"elementor-heading-title elementor-size-default\">\u00d6sterreich<\/h2>\t\t\t\t<\/div>\n\t\t\t\t<\/div>\n\t\t\t\t<div class=\"elementor-element elementor-element-f1eba81 elementor-widget elementor-widget-text-editor\" data-id=\"f1eba81\" data-element_type=\"widget\" data-e-type=\"widget\" data-widget_type=\"text-editor.default\">\n\t\t\t\t<div class=\"elementor-widget-container\">\n\t\t\t\t\t\t\t\t\t<strong>sera Technology Austria GmbH<\/strong><br>\nGewerbestra\u00dfe 5<br>\n4774 St. Marienkirchen bei Sch\u00e4rding<br>\n\u00d6sterreich<br><br>\n\nTel.: +43 7711 31777-0<br>\nFax: +43 7711 31777-20<br><br>\n\nE-Mail:\u00a0<a href=\"mailto: sales.at@sera-web.com?subject=Anfrage%20zu%20sera%20HPC%20Produkten\">sales.at@sera-web.com<\/a>\t\t\t\t\t\t\t\t<\/div>\n\t\t\t\t<\/div>\n\t\t\t\t<div class=\"elementor-element elementor-element-c39171d elementor-widget elementor-widget-heading\" data-id=\"c39171d\" data-element_type=\"widget\" data-e-type=\"widget\" data-widget_type=\"heading.default\">\n\t\t\t\t<div class=\"elementor-widget-container\">\n\t\t\t\t\t<h2 class=\"elementor-heading-title elementor-size-default\">Ihr pers\u00f6nlicher Kontakt<\/h2>\t\t\t\t<\/div>\n\t\t\t\t<\/div>\n\t\t\t\t<div class=\"elementor-element elementor-element-ba54b0f elementor-widget elementor-widget-text-editor\" data-id=\"ba54b0f\" data-element_type=\"widget\" data-e-type=\"widget\" data-widget_type=\"text-editor.default\">\n\t\t\t\t<div class=\"elementor-widget-container\">\n\t\t\t\t\t\t\t\t\t<p><strong>Julia Fischl<\/strong><br \/>sera Technology Austria GmbH<\/p><p>Tel.: +43 7711 31777 15<br \/>Mobil: +43 664 2410106<\/p><p>E-Mail:\u00a0<a href=\"mailto: j.fischl@sera-web.com?subject=Anfrage%20zu%20sera%20HPC%20Produkten\">j.fischl@sera-web.com<\/a><\/p>\t\t\t\t\t\t\t\t<\/div>\n\t\t\t\t<\/div>\n\t\t\t\t\t<\/div>\n\t\t<\/div>\n\t\t\t\t<div class=\"elementor-column elementor-col-33 elementor-inner-column elementor-element elementor-element-235cb83\" data-id=\"235cb83\" data-element_type=\"column\" data-e-type=\"column\">\n\t\t\t<div class=\"elementor-widget-wrap elementor-element-populated\">\n\t\t\t\t\t\t<div class=\"elementor-element elementor-element-5ff15ec elementor-widget elementor-widget-heading\" data-id=\"5ff15ec\" data-element_type=\"widget\" data-e-type=\"widget\" data-widget_type=\"heading.default\">\n\t\t\t\t<div class=\"elementor-widget-container\">\n\t\t\t\t\t<h2 class=\"elementor-heading-title elementor-size-default\">Schweiz<\/h2>\t\t\t\t<\/div>\n\t\t\t\t<\/div>\n\t\t\t\t<div class=\"elementor-element elementor-element-64406fb elementor-widget elementor-widget-text-editor\" data-id=\"64406fb\" data-element_type=\"widget\" data-e-type=\"widget\" data-widget_type=\"text-editor.default\">\n\t\t\t\t<div class=\"elementor-widget-container\">\n\t\t\t\t\t\t\t\t\t<p><strong>sera Technology Swiss GmbH<\/strong><br \/>Altenmatteweg 5<br \/>CH-4144 Arlesheim<br \/>Schweiz<\/p><p>Tel.: +41 61 51142-60<br \/>Fax:\u00a0+41 61 51142-61<\/p><p>E-Mail:\u00a0<a href=\"mailto: info.ch@sera-web.com?subject=Anfrage%20zu%20sera%20HPC%20Produkten\">info.ch@sera-web.com<\/a><br \/><a href=\"www.sera-web.ch\" target=\"_blank\" rel=\"noopener\">www.sera-web.ch<\/a><\/p>\t\t\t\t\t\t\t\t<\/div>\n\t\t\t\t<\/div>\n\t\t\t\t<div class=\"elementor-element elementor-element-8a8c460 elementor-widget elementor-widget-heading\" data-id=\"8a8c460\" data-element_type=\"widget\" data-e-type=\"widget\" data-widget_type=\"heading.default\">\n\t\t\t\t<div class=\"elementor-widget-container\">\n\t\t\t\t\t<h2 class=\"elementor-heading-title elementor-size-default\">Ihr pers\u00f6nlicher Kontakt<\/h2>\t\t\t\t<\/div>\n\t\t\t\t<\/div>\n\t\t\t\t<div class=\"elementor-element elementor-element-1481d82 elementor-widget elementor-widget-text-editor\" data-id=\"1481d82\" data-element_type=\"widget\" data-e-type=\"widget\" data-widget_type=\"text-editor.default\">\n\t\t\t\t<div class=\"elementor-widget-container\">\n\t\t\t\t\t\t\t\t\t<p><strong>Bojan Todorovic<\/strong><br \/>sera Technology Swiss GmbH<\/p><p>Tel.: +41 61 511 42 68<br \/>Mobil: +41 78410 6021<\/p><p>E-Mail:\u00a0<a href=\"mailto: b.todorovic@sera-web.com?subject=Anfrage%20zu%20sera%20HPC%20Produkten\">b.todorovic@sera-web.com<\/a><\/p>\t\t\t\t\t\t\t\t<\/div>\n\t\t\t\t<\/div>\n\t\t\t\t\t<\/div>\n\t\t<\/div>\n\t\t\t\t\t<\/div>\n\t\t<\/section>\n\t\t\t\t\t<\/div>\n\t\t<\/div>\n\t\t\t\t\t<\/div>\n\t\t<\/section>\n\t\t\t\t<\/div>\n\t\t","protected":false},"excerpt":{"rendered":"<p>Ihr Kontakt zu uns Deutschland sera ProDos GmbH sera-Stra\u00dfe 1 34376 Immenhausen Deutschland Tel.: +49 5673 999-02 Fax: +49 5673 999-03 E-Mail:&nbsp;sales.prodos@sera-web.com Ihr pers\u00f6nlicher Kontakt Maik Mett Sales High Pressure Technology Tel.: +49 5673 999-1862 Mobil: +49 172 5434375 E-Mail:&nbsp;m.mett@sera-web.com \u00d6sterreich sera Technology Austria GmbH Gewerbestra\u00dfe 5 4774 St. Marienkirchen bei Sch\u00e4rding \u00d6sterreich Tel.: +43 [&hellip;]<\/p>\n","protected":false},"author":1,"featured_media":0,"parent":0,"menu_order":0,"comment_status":"closed","ping_status":"closed","template":"elementor_header_footer","meta":{"site-sidebar-layout":"no-sidebar","site-content-layout":"page-builder","ast-site-content-layout":"","site-content-style":"default","site-sidebar-style":"default","ast-global-header-display":"","ast-banner-title-visibility":"","ast-main-header-display":"","ast-hfb-above-header-display":"","ast-hfb-below-header-display":"","ast-hfb-mobile-header-display":"","site-post-title":"disabled","ast-breadcrumbs-content":"","ast-featured-img":"disabled","footer-sml-layout":"","theme-transparent-header-meta":"","adv-header-id-meta":"","stick-header-meta":"","header-above-stick-meta":"","header-main-stick-meta":"","header-below-stick-meta":"","astra-migrate-meta-layouts":"default","ast-page-background-enabled":"default","ast-page-background-meta":{"desktop":{"background-color":"var(--ast-global-color-4)","background-image":"","background-repeat":"repeat","background-position":"center center","background-size":"auto","background-attachment":"scroll","background-type":"","background-media":"","overlay-type":"","overlay-color":"","overlay-opacity":"","overlay-gradient":""},"tablet":{"background-color":"","background-image":"","background-repeat":"repeat","background-position":"center center","background-size":"auto","background-attachment":"scroll","background-type":"","background-media":"","overlay-type":"","overlay-color":"","overlay-opacity":"","overlay-gradient":""},"mobile":{"background-color":"","background-image":"","background-repeat":"repeat","background-position":"center center","background-size":"auto","background-attachment":"scroll","background-type":"","background-media":"","overlay-type":"","overlay-color":"","overlay-opacity":"","overlay-gradient":""}},"ast-content-background-meta":{"desktop":{"background-color":"var(--ast-global-color-5)","background-image":"","background-repeat":"repeat","background-position":"center center","background-size":"auto","background-attachment":"scroll","background-type":"","background-media":"","overlay-type":"","overlay-color":"","overlay-opacity":"","overlay-gradient":""},"tablet":{"background-color":"var(--ast-global-color-5)","background-image":"","background-repeat":"repeat","background-position":"center center","background-size":"auto","background-attachment":"scroll","background-type":"","background-media":"","overlay-type":"","overlay-color":"","overlay-opacity":"","overlay-gradient":""},"mobile":{"background-color":"var(--ast-global-color-5)","background-image":"","background-repeat":"repeat","background-position":"center center","background-size":"auto","background-attachment":"scroll","background-type":"","background-media":"","overlay-type":"","overlay-color":"","overlay-opacity":"","overlay-gradient":""}},"footnotes":""},"class_list":["post-860","page","type-page","status-publish","hentry"],"yoast_head":"<!-- This site is optimized with the Yoast SEO plugin v22.9 - https:\/\/yoast.com\/wordpress\/plugins\/seo\/ -->\n<title>Kontakt - High Pressure Cleaning<\/title>\n<meta name=\"description\" content=\"Kontaktieren Sie uns f\u00fcr hochwertige Hochdruck L\u00f6sungen f\u00fcr Ihren individuellen Reinigungsprozess\" \/>\n<meta name=\"robots\" content=\"index, follow, max-snippet:-1, max-image-preview:large, max-video-preview:-1\" \/>\n<link rel=\"canonical\" href=\"https:\/\/hpc.sera-web.com\/?page_id=860\" \/>\n<meta property=\"og:locale\" content=\"de_DE\" \/>\n<meta property=\"og:type\" content=\"article\" \/>\n<meta property=\"og:title\" content=\"Kontakt - High Pressure Cleaning\" \/>\n<meta property=\"og:description\" content=\"Kontaktieren Sie uns f\u00fcr hochwertige Hochdruck L\u00f6sungen f\u00fcr Ihren individuellen Reinigungsprozess\" \/>\n<meta property=\"og:url\" content=\"https:\/\/hpc.sera-web.com\/?page_id=860\" \/>\n<meta property=\"og:site_name\" content=\"High Pressure Cleaning\" \/>\n<meta property=\"article:modified_time\" content=\"2023-03-31T11:29:05+00:00\" \/>\n<meta name=\"twitter:card\" content=\"summary_large_image\" \/>\n<meta name=\"twitter:label1\" content=\"Gesch\u00e4tzte Lesezeit\" \/>\n\t<meta name=\"twitter:data1\" content=\"1\u00a0Minute\" \/>\n<script type=\"application\/ld+json\" class=\"yoast-schema-graph\">{\"@context\":\"https:\/\/schema.org\",\"@graph\":[{\"@type\":\"WebPage\",\"@id\":\"https:\/\/hpc.sera-web.com\/?page_id=860\",\"url\":\"https:\/\/hpc.sera-web.com\/?page_id=860\",\"name\":\"Kontakt - High Pressure Cleaning\",\"isPartOf\":{\"@id\":\"https:\/\/hpc.sera-web.com\/#website\"},\"datePublished\":\"2023-03-28T11:17:48+00:00\",\"dateModified\":\"2023-03-31T11:29:05+00:00\",\"description\":\"Kontaktieren Sie uns f\u00fcr hochwertige Hochdruck L\u00f6sungen f\u00fcr Ihren individuellen Reinigungsprozess\",\"breadcrumb\":{\"@id\":\"https:\/\/hpc.sera-web.com\/?page_id=860#breadcrumb\"},\"inLanguage\":\"de\",\"potentialAction\":[{\"@type\":\"ReadAction\",\"target\":[\"https:\/\/hpc.sera-web.com\/?page_id=860\"]}]},{\"@type\":\"BreadcrumbList\",\"@id\":\"https:\/\/hpc.sera-web.com\/?page_id=860#breadcrumb\",\"itemListElement\":[{\"@type\":\"ListItem\",\"position\":1,\"name\":\"Startseite\",\"item\":\"https:\/\/hpc.sera-web.com\/\"},{\"@type\":\"ListItem\",\"position\":2,\"name\":\"Kontakt\"}]},{\"@type\":\"WebSite\",\"@id\":\"https:\/\/hpc.sera-web.com\/#website\",\"url\":\"https:\/\/hpc.sera-web.com\/\",\"name\":\"High Pressure Cleaning\",\"description\":\"sera GmbH\",\"publisher\":{\"@id\":\"https:\/\/hpc.sera-web.com\/#organization\"},\"potentialAction\":[{\"@type\":\"SearchAction\",\"target\":{\"@type\":\"EntryPoint\",\"urlTemplate\":\"https:\/\/hpc.sera-web.com\/?s={search_term_string}\"},\"query-input\":\"required name=search_term_string\"}],\"inLanguage\":\"de\"},{\"@type\":\"Organization\",\"@id\":\"https:\/\/hpc.sera-web.com\/#organization\",\"name\":\"sera Gruppe\",\"url\":\"https:\/\/hpc.sera-web.com\/\",\"logo\":{\"@type\":\"ImageObject\",\"inLanguage\":\"de\",\"@id\":\"https:\/\/hpc.sera-web.com\/#\/schema\/logo\/image\/\",\"url\":\"https:\/\/hpc.sera-web.com\/wp-content\/uploads\/2022\/06\/cropped-sera-icon.png\",\"contentUrl\":\"https:\/\/hpc.sera-web.com\/wp-content\/uploads\/2022\/06\/cropped-sera-icon.png\",\"width\":512,\"height\":512,\"caption\":\"sera Gruppe\"},\"image\":{\"@id\":\"https:\/\/hpc.sera-web.com\/#\/schema\/logo\/image\/\"}}]}<\/script>\n<!-- \/ Yoast SEO plugin. -->","yoast_head_json":{"title":"Kontakt - High Pressure Cleaning","description":"Kontaktieren Sie uns f\u00fcr hochwertige Hochdruck L\u00f6sungen f\u00fcr Ihren individuellen Reinigungsprozess","robots":{"index":"index","follow":"follow","max-snippet":"max-snippet:-1","max-image-preview":"max-image-preview:large","max-video-preview":"max-video-preview:-1"},"canonical":"https:\/\/hpc.sera-web.com\/?page_id=860","og_locale":"de_DE","og_type":"article","og_title":"Kontakt - High Pressure Cleaning","og_description":"Kontaktieren Sie uns f\u00fcr hochwertige Hochdruck L\u00f6sungen f\u00fcr Ihren individuellen Reinigungsprozess","og_url":"https:\/\/hpc.sera-web.com\/?page_id=860","og_site_name":"High Pressure Cleaning","article_modified_time":"2023-03-31T11:29:05+00:00","twitter_card":"summary_large_image","twitter_misc":{"Gesch\u00e4tzte Lesezeit":"1\u00a0Minute"},"schema":{"@context":"https:\/\/schema.org","@graph":[{"@type":"WebPage","@id":"https:\/\/hpc.sera-web.com\/?page_id=860","url":"https:\/\/hpc.sera-web.com\/?page_id=860","name":"Kontakt - High Pressure Cleaning","isPartOf":{"@id":"https:\/\/hpc.sera-web.com\/#website"},"datePublished":"2023-03-28T11:17:48+00:00","dateModified":"2023-03-31T11:29:05+00:00","description":"Kontaktieren Sie uns f\u00fcr hochwertige Hochdruck L\u00f6sungen f\u00fcr Ihren individuellen Reinigungsprozess","breadcrumb":{"@id":"https:\/\/hpc.sera-web.com\/?page_id=860#breadcrumb"},"inLanguage":"de","potentialAction":[{"@type":"ReadAction","target":["https:\/\/hpc.sera-web.com\/?page_id=860"]}]},{"@type":"BreadcrumbList","@id":"https:\/\/hpc.sera-web.com\/?page_id=860#breadcrumb","itemListElement":[{"@type":"ListItem","position":1,"name":"Startseite","item":"https:\/\/hpc.sera-web.com\/"},{"@type":"ListItem","position":2,"name":"Kontakt"}]},{"@type":"WebSite","@id":"https:\/\/hpc.sera-web.com\/#website","url":"https:\/\/hpc.sera-web.com\/","name":"High Pressure Cleaning","description":"sera GmbH","publisher":{"@id":"https:\/\/hpc.sera-web.com\/#organization"},"potentialAction":[{"@type":"SearchAction","target":{"@type":"EntryPoint","urlTemplate":"https:\/\/hpc.sera-web.com\/?s={search_term_string}"},"query-input":"required name=search_term_string"}],"inLanguage":"de"},{"@type":"Organization","@id":"https:\/\/hpc.sera-web.com\/#organization","name":"sera Gruppe","url":"https:\/\/hpc.sera-web.com\/","logo":{"@type":"ImageObject","inLanguage":"de","@id":"https:\/\/hpc.sera-web.com\/#\/schema\/logo\/image\/","url":"https:\/\/hpc.sera-web.com\/wp-content\/uploads\/2022\/06\/cropped-sera-icon.png","contentUrl":"https:\/\/hpc.sera-web.com\/wp-content\/uploads\/2022\/06\/cropped-sera-icon.png","width":512,"height":512,"caption":"sera Gruppe"},"image":{"@id":"https:\/\/hpc.sera-web.com\/#\/schema\/logo\/image\/"}}]}},"_links":{"self":[{"href":"https:\/\/hpc.sera-web.com\/index.php?rest_route=\/wp\/v2\/pages\/860","targetHints":{"allow":["GET"]}}],"collection":[{"href":"https:\/\/hpc.sera-web.com\/index.php?rest_route=\/wp\/v2\/pages"}],"about":[{"href":"https:\/\/hpc.sera-web.com\/index.php?rest_route=\/wp\/v2\/types\/page"}],"author":[{"embeddable":true,"href":"https:\/\/hpc.sera-web.com\/index.php?rest_route=\/wp\/v2\/users\/1"}],"replies":[{"embeddable":true,"href":"https:\/\/hpc.sera-web.com\/index.php?rest_route=%2Fwp%2Fv2%2Fcomments&post=860"}],"version-history":[{"count":17,"href":"https:\/\/hpc.sera-web.com\/index.php?rest_route=\/wp\/v2\/pages\/860\/revisions"}],"predecessor-version":[{"id":977,"href":"https:\/\/hpc.sera-web.com\/index.php?rest_route=\/wp\/v2\/pages\/860\/revisions\/977"}],"wp:attachment":[{"href":"https:\/\/hpc.sera-web.com\/index.php?rest_route=%2Fwp%2Fv2%2Fmedia&parent=860"}],"curies":[{"name":"wp","href":"https:\/\/api.w.org\/{rel}","templated":true}]}}